{"id":1141,"date":"2025-09-19T10:05:52","date_gmt":"2025-09-19T10:05:52","guid":{"rendered":"https:\/\/dtrag.de\/fundraising-and-fund-management\/"},"modified":"2025-09-26T14:59:47","modified_gmt":"2025-09-26T14:59:47","slug":"fundraising-and-fund-management","status":"publish","type":"page","link":"https:\/\/dtrag.de\/en\/fundraising-and-fund-management\/","title":{"rendered":"Fundraising and Fund Management"},"content":{"rendered":"<p>[et_pb_section fb_built=&#8221;1&#8243; custom_padding_last_edited=&#8221;on|phone&#8221; _builder_version=&#8221;4.22.2&#8243; _module_preset=&#8221;default&#8221; custom_padding=&#8221;120px||50px||false|false&#8221; custom_padding_tablet=&#8221;120px||120px||true|false&#8221; custom_padding_phone=&#8221;40px||40px||true|false&#8221; locked=&#8221;off&#8221; global_colors_info=&#8221;{}&#8221;][et_pb_row _builder_version=&#8221;4.22.2&#8243; _module_preset=&#8221;default&#8221; width=&#8221;65%&#8221; width_tablet=&#8221;65%&#8221; width_phone=&#8221;90%&#8221; width_last_edited=&#8221;on|phone&#8221; module_alignment=&#8221;center&#8221; global_colors_info=&#8221;{}&#8221;][et_pb_column type=&#8221;4_4&#8243; _builder_version=&#8221;4.22.2&#8243; _module_preset=&#8221;default&#8221; global_colors_info=&#8221;{}&#8221;][et_pb_text _builder_version=&#8221;4.22.2&#8243; _module_preset=&#8221;default&#8221; header_2_font=&#8221;montserrat||||||||&#8221; header_2_text_align=&#8221;left&#8221; header_2_text_color=&#8221;#00c8df&#8221; header_2_font_size=&#8221;18px&#8221; global_colors_info=&#8221;{}&#8221;]<\/p>\n<h2>For investors.<\/h2>\n<p>[\/et_pb_text][et_pb_text content_tablet=&#8221;<\/p>\n<h1>Transaktionsbegleitung f\u00fcr Investoren<\/h1>\n<p>&#8221; content_phone=&#8221;<\/p>\n<h1>Transaktions-begleitung f\u00fcr Investoren<\/h1>\n<p>&#8221; content_last_edited=&#8221;on|phone&#8221; _builder_version=&#8221;4.27.4&#8243; _module_preset=&#8221;default&#8221; header_text_align=&#8221;left&#8221; header_font_size=&#8221;36px&#8221; header_2_text_align=&#8221;center&#8221; header_2_font_size=&#8221;34px&#8221; header_font_size_tablet=&#8221;36px&#8221; header_font_size_phone=&#8221;30px&#8221; header_font_size_last_edited=&#8221;on|phone&#8221; global_colors_info=&#8221;{}&#8221;]<\/p>\n<div>\n<h1><b><span>Fundraising and Fund Management<\/span><\/b><\/h1>\n<\/div>\n<h1><\/h1>\n<p>[\/et_pb_text][et_pb_text content_last_edited=&#8221;off|desktop&#8221; _builder_version=&#8221;4.27.4&#8243; _module_preset=&#8221;default&#8221; text_font=&#8221;opensans||||||||&#8221; header_font=&#8221;opensans||||||||&#8221; header_font_size=&#8221;18px&#8221; header_line_height=&#8221;2em&#8221; max_width=&#8221;100%&#8221; max_width_tablet=&#8221;80%&#8221; max_width_phone=&#8221;100%&#8221; max_width_last_edited=&#8221;on|phone&#8221; module_alignment=&#8221;center&#8221; custom_margin=&#8221;||0px|||&#8221; global_colors_info=&#8221;{}&#8221;]<\/p>\n<div>\n<p><span>The DACH market offers investment managers a deep capital pool that is looking for investment opportunities across all alternative asset classes. Hower, a strong local presence is key for success. Together with our partners, we can help you identify and approach investors for your fund products or co-investment opportunities. We are happy to handle the entire fundraising or transaction process for the relevant investors on your behalf as a one-stop-shop solution.   <\/span><\/p>\n<\/div>\n<p>[\/et_pb_text][et_pb_text _builder_version=&#8221;4.23.4&#8243; _module_preset=&#8221;default&#8221; header_text_align=&#8221;left&#8221; header_font_size=&#8221;36px&#8221; header_2_text_align=&#8221;center&#8221; header_2_font_size=&#8221;34px&#8221; header_3_font=&#8221;montserrat||||||||&#8221; header_3_font_size=&#8221;24px&#8221; custom_margin=&#8221;70px||||false|false&#8221; header_3_font_size_tablet=&#8221;24px&#8221; header_3_font_size_phone=&#8221;30px&#8221; header_3_font_size_last_edited=&#8221;off|phone&#8221; global_colors_info=&#8221;{}&#8221;]<\/p>\n<h3>Our Service Offering<\/h3>\n<p>[\/et_pb_text][et_pb_text content_tablet=&#8221;<\/p>\n<p><strong>Geplante Transaktionen<\/strong><\/p>\n<p>Wir steigen gerne fr\u00fch in die Vorbereitung einer Transaktion und die dieser zugrundeliegenden strategischen \u00dcberlegungen ein. Hierbei definieren wir mit Ihnen die Ziele Ihres Vorhabens und finden gemeinsam den optimalen Weg, um diese zu erreichen.<\/p>\n<p>Wenn Sie einen ersten positiven Beschluss zur Umsetzung einer Transaktion gefasst haben, helfen wir Ihnen diesen zu dokumentieren und die Transaktion umzusetzen. Dies beinhaltet z.B.<\/p>\n<ul>\n<li>Entwurf eines Strategiepapiers;<\/li>\n<li>Bau eines geeigneten Finanzmodells;<\/li>\n<li>Leitung \/ Unterst\u00fctzung des Due Diligence-Prozess, inkl. des Management von Fachberatern (z.B. Steuern, Legal);<\/li>\n<li>Ansprache der Gesellschafter des Zielunternehmens (anonym oder transparent);<\/li>\n<li>Vorbereitung von Angeboten (indikativ und bindend, inkl. Bewertung);<\/li>\n<li>Wahl der optimalen Transaktionsstruktur;<\/li>\n<li>Verhandlungen mit den Gesellschaftern und dem Management des Zielunternehmens (inkl. Kaufvertrag, Gesellschaftervertrag, Incentive-Pl\u00e4nen);<\/li>\n<li>Entwurf und der Pr\u00e4sentation von Dokumenten f\u00fcr Ihre Entscheidungsgremien; und<\/li>\n<li>Unterst\u00fctzung bei der rechtlichen Implementierung der Transaktion (Financial Close).<\/li>\n<\/ul>\n<p>Weitere Aufgaben k\u00f6nnen wir nach Absprache ebenfalls gerne \u00fcbernehmen. Gerne k\u00f6nnen wir den gesamten Transaktionsprozess als verl\u00e4ngerte Werkbank Ihres Unternehmens f\u00fcr Sie managen.<\/p>\n<p><strong>Laufende Transaktionen<\/strong><\/p>\n<p>W\u00e4hrend wir gerne fr\u00fch in Prozesse einsteigen, k\u00f6nnen wir genauso gut auch kurzfristig in laufende Transaktionen einsteigen und eine konstruktive Rolle \u00fcbernehmen. Hierbei \u00fcbernehmen wir die Rolle, in der Sie uns brauchen, und arbeiten gerne auch mit anderen Beratern zusammen.<\/p>\n<p>&#8221; content_phone=&#8221;<\/p>\n<p><strong>Geplante Transaktionen<\/strong><\/p>\n<p>Wir steigen gerne fr\u00fch in die Vorbereitung einer Transaktion und die dieser zugrundeliegenden strategischen \u00dcberlegungen ein. Hierbei definieren wir mit Ihnen die Ziele Ihres Vorhabens und finden gemeinsam den optimalen Weg, um diese zu erreichen.<\/p>\n<p>Wenn Sie einen ersten positiven Beschluss zur Umsetzung einer Transaktion gefasst haben, helfen wir Ihnen diesen zu dokumentieren und die Transaktion umzusetzen. Dies beinhaltet z.B.<\/p>\n<ul>\n<li>Entwurf eines Strategiepapiers;<\/li>\n<li>Bau eines geeigneten Finanzmodells;<\/li>\n<li>Leitung \/ Unterst\u00fctzung des Due Diligence-Prozess, inkl. des Management von Fachberatern (z.B. Steuern, Legal);<\/li>\n<li>Ansprache der Gesellschafter des Zielunternehmens (anonym oder transparent);<\/li>\n<li>Vorbereitung von Angeboten (indikativ und bindend, inkl. Bewertung);<\/li>\n<li>Wahl der optimalen Transaktionsstruktur;<\/li>\n<li>Verhandlungen mit den Gesellschaftern und dem Management des Zielunternehmens (inkl. Kaufvertrag, Gesellschaftervertrag, Incentive-Pl\u00e4nen);<\/li>\n<li>Entwurf und der Pr\u00e4sentation von Dokumenten f\u00fcr Ihre Entscheidungsgremien; und<\/li>\n<li>Unterst\u00fctzung bei der rechtlichen Implementierung der Transaktion (Financial Close).<\/li>\n<\/ul>\n<p>Weitere Aufgaben k\u00f6nnen wir nach Absprache ebenfalls gerne \u00fcbernehmen. Gerne k\u00f6nnen wir den gesamten Transaktionsprozess als verl\u00e4ngerte Werkbank Ihres Unternehmens f\u00fcr Sie managen.<\/p>\n<p><strong>Laufende Transaktionen<\/strong><\/p>\n<p>W\u00e4hrend wir gerne fr\u00fch in Prozesse einsteigen, k\u00f6nnen wir genauso gut auch kurzfristig in laufende Transaktionen einsteigen und eine konstruktive Rolle \u00fcbernehmen. Hierbei \u00fcbernehmen wir die Rolle, in der Sie uns brauchen, und arbeiten gerne auch mit anderen Beratern zusammen.<\/p>\n<p>&#8221; content_last_edited=&#8221;off|desktop&#8221; _builder_version=&#8221;4.27.4&#8243; _module_preset=&#8221;default&#8221; text_font=&#8221;opensans||||||||&#8221; header_font=&#8221;opensans||||||||&#8221; header_font_size=&#8221;18px&#8221; header_line_height=&#8221;2em&#8221; max_width=&#8221;100%&#8221; max_width_tablet=&#8221;80%&#8221; max_width_phone=&#8221;100%&#8221; max_width_last_edited=&#8221;on|phone&#8221; module_alignment=&#8221;center&#8221; custom_margin=&#8221;||0px|||&#8221; hover_enabled=&#8221;0&#8243; global_colors_info=&#8221;{}&#8221; sticky_enabled=&#8221;0&#8243;]<\/p>\n<div>\n<p><span><b>Fund Products<\/b><\/span><\/p>\n<\/div>\n<div>\n<p><span>We are happy to be your sparring partner right from the design stage of new fund products. And if you have already developed your product, we are equally happy to help you market it in the DACH region. <\/span><\/p>\n<\/div>\n<div>\n<p><span>Our services include, among other things:<\/span><\/p>\n<p><span><\/span><\/p>\n<\/div>\n<ul>\n<li>Creation of marketing materials;<\/li>\n<li>Development and management of a portfolio model;<\/li>\n<li>Analysis of performance scenarios;<\/li>\n<li>Management \/ support of the investor due diligence process, including Q&amp;A and management of specialist advisors (e.g. tax, legal);<\/li>\n<li>Structured investor outreach;<\/li>\n<li>Preparation and management of investor meetings;<\/li>\n<li>Support with the negotiation and legal implementation of investor participations;<\/li>\n<li>Ongoing investor relations management; and<\/li>\n<li>Ongoing investor relations management; and<\/li>\n<li>Investor reporting<\/li>\n<\/ul>\n<p>We are also happy to take on additional tasks and roles, as required. If need be, we can manage the entire fundraising process for you as an extended workbench for your company.<\/p>\n<div>\n<p><span><b>Co-investments<\/b><\/span><\/p>\n<\/div>\n<p>Our team consists of private equity experts. We are very familiar with the typical product structures and transaction processes, and we are used to quickly adapting to new situations. Hence we are happy to actively support you in syndicating co-investment participations to our network of investors in the DACH region. For such projects, we are also very happy to provide you with end-to-end support for the transaction \u2013 including marketing and process management up to financial close.<\/p>\n<div>\n<p><span><b>Fund Management<\/b><\/span><\/p>\n<div>\n<p><span>We are also happy to advise and support you in relation to fund management tasks. These include, for example, preparing investment decisions (investment committee process), portfolio management tasks and regular investor reporting. <\/span><\/p>\n<\/div>\n<\/div>\n<p>[\/et_pb_text][\/et_pb_column][\/et_pb_row][\/et_pb_section]<\/p>\n","protected":false},"excerpt":{"rendered":"<p>For investors. Fundraising and Fund Management The DACH market offers investment managers a deep capital pool that is looking for investment opportunities across all alternative asset classes. Hower, a strong local presence is key for success. Together with our partners, we can help you identify and approach investors for your fund products or co-investment opportunities. [&hellip;]<\/p>\n","protected":false},"author":6,"featured_media":0,"parent":0,"menu_order":0,"comment_status":"closed","ping_status":"closed","template":"","meta":{"_et_pb_use_builder":"on","_et_pb_old_content":"","_et_gb_content_width":"","footnotes":""},"class_list":["post-1141","page","type-page","status-publish","hentry"],"yoast_head":"<!-- This site is optimized with the Yoast SEO plugin v27.5 - https:\/\/yoast.com\/product\/yoast-seo-wordpress\/ -->\n<title>Fundraising and Fund Management - Deutsche Transaktionsgesellschaft<\/title>\n<meta name=\"robots\" content=\"index, follow, max-snippet:-1, max-image-preview:large, max-video-preview:-1\" \/>\n<link rel=\"canonical\" href=\"https:\/\/dtrag.de\/fundraising-und-fondsmanagement\/\" \/>\n<meta property=\"og:locale\" content=\"en_US\" \/>\n<meta property=\"og:type\" content=\"article\" \/>\n<meta property=\"og:title\" content=\"Fundraising and Fund Management - Deutsche Transaktionsgesellschaft\" \/>\n<meta property=\"og:description\" content=\"For investors. Fundraising and Fund Management The DACH market offers investment managers a deep capital pool that is looking for investment opportunities across all alternative asset classes. Hower, a strong local presence is key for success. Together with our partners, we can help you identify and approach investors for your fund products or co-investment opportunities. [&hellip;]\" \/>\n<meta property=\"og:url\" content=\"https:\/\/dtrag.de\/fundraising-und-fondsmanagement\/\" \/>\n<meta property=\"og:site_name\" content=\"Deutsche Transaktionsgesellschaft\" \/>\n<meta property=\"article:modified_time\" content=\"2025-09-26T14:59:47+00:00\" \/>\n<meta name=\"twitter:card\" content=\"summary_large_image\" \/>\n<meta name=\"twitter:label1\" content=\"Est. reading time\" \/>\n\t<meta name=\"twitter:data1\" content=\"6 minutes\" \/>\n<script type=\"application\/ld+json\" class=\"yoast-schema-graph\">{\"@context\":\"https:\\\/\\\/schema.org\",\"@graph\":[{\"@type\":\"WebPage\",\"@id\":\"https:\\\/\\\/dtrag.de\\\/fundraising-und-fondsmanagement\\\/\",\"url\":\"https:\\\/\\\/dtrag.de\\\/fundraising-und-fondsmanagement\\\/\",\"name\":\"Fundraising and Fund Management - Deutsche Transaktionsgesellschaft\",\"isPartOf\":{\"@id\":\"https:\\\/\\\/dtrag.de\\\/#website\"},\"datePublished\":\"2025-09-19T10:05:52+00:00\",\"dateModified\":\"2025-09-26T14:59:47+00:00\",\"breadcrumb\":{\"@id\":\"https:\\\/\\\/dtrag.de\\\/fundraising-und-fondsmanagement\\\/#breadcrumb\"},\"inLanguage\":\"en-US\",\"potentialAction\":[{\"@type\":\"ReadAction\",\"target\":[\"https:\\\/\\\/dtrag.de\\\/fundraising-und-fondsmanagement\\\/\"]}]},{\"@type\":\"BreadcrumbList\",\"@id\":\"https:\\\/\\\/dtrag.de\\\/fundraising-und-fondsmanagement\\\/#breadcrumb\",\"itemListElement\":[{\"@type\":\"ListItem\",\"position\":1,\"name\":\"Startseite\",\"item\":\"https:\\\/\\\/dtrag.de\\\/\"},{\"@type\":\"ListItem\",\"position\":2,\"name\":\"Fundraising and Fund Management\"}]},{\"@type\":\"WebSite\",\"@id\":\"https:\\\/\\\/dtrag.de\\\/#website\",\"url\":\"https:\\\/\\\/dtrag.de\\\/\",\"name\":\"Deutsche Transaktionsgesellschaft\",\"description\":\"Beratungsgesellschaft D\u00fcsseldorf\",\"potentialAction\":[{\"@type\":\"SearchAction\",\"target\":{\"@type\":\"EntryPoint\",\"urlTemplate\":\"https:\\\/\\\/dtrag.de\\\/?s={search_term_string}\"},\"query-input\":{\"@type\":\"PropertyValueSpecification\",\"valueRequired\":true,\"valueName\":\"search_term_string\"}}],\"inLanguage\":\"en-US\"}]}<\/script>\n<!-- \/ Yoast SEO plugin. -->","yoast_head_json":{"title":"Fundraising and Fund Management - Deutsche Transaktionsgesellschaft","robots":{"index":"index","follow":"follow","max-snippet":"max-snippet:-1","max-image-preview":"max-image-preview:large","max-video-preview":"max-video-preview:-1"},"canonical":"https:\/\/dtrag.de\/fundraising-und-fondsmanagement\/","og_locale":"en_US","og_type":"article","og_title":"Fundraising and Fund Management - Deutsche Transaktionsgesellschaft","og_description":"For investors. Fundraising and Fund Management The DACH market offers investment managers a deep capital pool that is looking for investment opportunities across all alternative asset classes. Hower, a strong local presence is key for success. Together with our partners, we can help you identify and approach investors for your fund products or co-investment opportunities. [&hellip;]","og_url":"https:\/\/dtrag.de\/fundraising-und-fondsmanagement\/","og_site_name":"Deutsche Transaktionsgesellschaft","article_modified_time":"2025-09-26T14:59:47+00:00","twitter_card":"summary_large_image","twitter_misc":{"Est. reading time":"6 minutes"},"schema":{"@context":"https:\/\/schema.org","@graph":[{"@type":"WebPage","@id":"https:\/\/dtrag.de\/fundraising-und-fondsmanagement\/","url":"https:\/\/dtrag.de\/fundraising-und-fondsmanagement\/","name":"Fundraising and Fund Management - Deutsche Transaktionsgesellschaft","isPartOf":{"@id":"https:\/\/dtrag.de\/#website"},"datePublished":"2025-09-19T10:05:52+00:00","dateModified":"2025-09-26T14:59:47+00:00","breadcrumb":{"@id":"https:\/\/dtrag.de\/fundraising-und-fondsmanagement\/#breadcrumb"},"inLanguage":"en-US","potentialAction":[{"@type":"ReadAction","target":["https:\/\/dtrag.de\/fundraising-und-fondsmanagement\/"]}]},{"@type":"BreadcrumbList","@id":"https:\/\/dtrag.de\/fundraising-und-fondsmanagement\/#breadcrumb","itemListElement":[{"@type":"ListItem","position":1,"name":"Startseite","item":"https:\/\/dtrag.de\/"},{"@type":"ListItem","position":2,"name":"Fundraising and Fund Management"}]},{"@type":"WebSite","@id":"https:\/\/dtrag.de\/#website","url":"https:\/\/dtrag.de\/","name":"Deutsche Transaktionsgesellschaft","description":"Beratungsgesellschaft D\u00fcsseldorf","potentialAction":[{"@type":"SearchAction","target":{"@type":"EntryPoint","urlTemplate":"https:\/\/dtrag.de\/?s={search_term_string}"},"query-input":{"@type":"PropertyValueSpecification","valueRequired":true,"valueName":"search_term_string"}}],"inLanguage":"en-US"}]}},"_links":{"self":[{"href":"https:\/\/dtrag.de\/en\/wp-json\/wp\/v2\/pages\/1141","targetHints":{"allow":["GET"]}}],"collection":[{"href":"https:\/\/dtrag.de\/en\/wp-json\/wp\/v2\/pages"}],"about":[{"href":"https:\/\/dtrag.de\/en\/wp-json\/wp\/v2\/types\/page"}],"author":[{"embeddable":true,"href":"https:\/\/dtrag.de\/en\/wp-json\/wp\/v2\/users\/6"}],"replies":[{"embeddable":true,"href":"https:\/\/dtrag.de\/en\/wp-json\/wp\/v2\/comments?post=1141"}],"version-history":[{"count":2,"href":"https:\/\/dtrag.de\/en\/wp-json\/wp\/v2\/pages\/1141\/revisions"}],"predecessor-version":[{"id":1162,"href":"https:\/\/dtrag.de\/en\/wp-json\/wp\/v2\/pages\/1141\/revisions\/1162"}],"wp:attachment":[{"href":"https:\/\/dtrag.de\/en\/wp-json\/wp\/v2\/media?parent=1141"}],"curies":[{"name":"wp","href":"https:\/\/api.w.org\/{rel}","templated":true}]}}