{"id":278,"date":"2023-11-27T12:37:48","date_gmt":"2023-11-27T12:37:48","guid":{"rendered":"https:\/\/dtrag.de\/?page_id=278"},"modified":"2026-04-07T10:42:39","modified_gmt":"2026-04-07T10:42:39","slug":"private-equity-partnerships-companies","status":"publish","type":"page","link":"https:\/\/dtrag.de\/en\/private-equity-partnerships-companies\/","title":{"rendered":"EN Private Equity Partnerships for Companies (Private Equity-Partnerschaften f\u00fcr Unternehmen)"},"content":{"rendered":"<p>[et_pb_section fb_built=&#8221;1&#8243; custom_padding_last_edited=&#8221;on|phone&#8221; _builder_version=&#8221;4.22.2&#8243; _module_preset=&#8221;default&#8221; custom_padding=&#8221;120px||120px||true|false&#8221; custom_padding_tablet=&#8221;120px||120px||true|false&#8221; custom_padding_phone=&#8221;40px||40px||true|false&#8221; global_colors_info=&#8221;{}&#8221;][et_pb_row _builder_version=&#8221;4.22.2&#8243; _module_preset=&#8221;default&#8221; width=&#8221;65%&#8221; width_tablet=&#8221;65%&#8221; width_phone=&#8221;90%&#8221; width_last_edited=&#8221;on|phone&#8221; module_alignment=&#8221;center&#8221; global_colors_info=&#8221;{}&#8221;][et_pb_column type=&#8221;4_4&#8243; _builder_version=&#8221;4.22.2&#8243; _module_preset=&#8221;default&#8221; global_colors_info=&#8221;{}&#8221;][et_pb_text _builder_version=&#8221;4.23.1&#8243; _module_preset=&#8221;default&#8221; header_2_font=&#8221;montserrat||||||||&#8221; header_2_text_align=&#8221;left&#8221; header_2_text_color=&#8221;#00c8df&#8221; header_2_font_size=&#8221;18px&#8221; global_colors_info=&#8221;{}&#8221;]<\/p>\n<h2>For Companies.<\/h2>\n<p>[\/et_pb_text][et_pb_text _builder_version=&#8221;4.23.1&#8243; _module_preset=&#8221;default&#8221; header_text_align=&#8221;left&#8221; header_font_size=&#8221;36px&#8221; header_2_text_align=&#8221;center&#8221; header_2_font_size=&#8221;34px&#8221; header_font_size_tablet=&#8221;36px&#8221; header_font_size_phone=&#8221;30px&#8221; header_font_size_last_edited=&#8221;on|phone&#8221; global_colors_info=&#8221;{}&#8221;]<\/p>\n<h1>Private Equity Partnerships<\/h1>\n<p>[\/et_pb_text][et_pb_text content_tablet=&#8221;<\/p>\n<p style=%22text-align: center;%22>Im Gegensatz zu vielen anderen Beratungsfirmen ist die DTG ist eine Idee von Praktikern f\u00fcr Praktiker. Unser Team besteht aus Machern \u2013 Unternehmern, Private Equity-Experten mit internationaler Erfahrung und langj\u00e4hrige Experten aus Industrieunternehmen \u2013 und nicht aus Theoretikern.<br \/>Wir sprechen daher die Sprache unserer Kunden und wissen dank unseres breiten Erfahrungsschatzes, wie ein gutes, den Bed\u00fcrfnissen unseres Kunden entsprechendes Arbeitsprodukt aussehen muss. Unser Team hat schon viele Krisen erlebt und kann auch in schwierigen Situationen einen k\u00fchlen Kopf bewahren. Wir bringen hohe Beratungsqualit\u00e4t nach internationalen Standards in den Mittelstand.<br \/>W\u00e4hrend der Fokus unserer T\u00e4tigkeit auf der Arbeit mit Mittelst\u00e4ndlern und Startups aus der DACH-Region liegt, schauen wir \u00fcber den Tellerrand hinaus und begleiten auch gerne Mandanten aus und Projekte in unseren Nachbarl\u00e4ndern.<\/p>\n<p>&#8221; content_phone=&#8221;<\/p>\n<p style=%22text-align: left;%22>Im Gegensatz zu vielen anderen Beratungsfirmen ist die DTG ist eine Idee von Praktikern f\u00fcr Praktiker. Unser Team besteht aus Machern \u2013 Unternehmern, Private Equity-Experten mit internationaler Erfahrung und langj\u00e4hrige Experten aus Industrieunternehmen \u2013 und nicht aus Theoretikern.<\/p>\n<p style=%22text-align: left;%22>Wir sprechen daher die Sprache unserer Kunden und wissen dank unseres breiten Erfahrungsschatzes, wie ein gutes, den Bed\u00fcrfnissen unseres Kunden entsprechendes Arbeitsprodukt aussehen muss. Unser Team hat schon viele Krisen erlebt und kann auch in schwierigen Situationen einen k\u00fchlen Kopf bewahren. Wir bringen hohe Beratungsqualit\u00e4t nach internationalen Standards in den Mittelstand.<\/p>\n<p style=%22text-align: left;%22>W\u00e4hrend der Fokus unserer T\u00e4tigkeit auf der Arbeit mit Mittelst\u00e4ndlern und Startups aus der DACH-Region liegt, schauen wir \u00fcber den Tellerrand hinaus und begleiten auch gerne Mandanten aus und Projekte in unseren Nachbarl\u00e4ndern.<\/p>\n<p>&#8221; content_last_edited=&#8221;off|desktop&#8221; _builder_version=&#8221;4.23.4&#8243; _module_preset=&#8221;default&#8221; text_font=&#8221;opensans||||||||&#8221; header_font=&#8221;opensans||||||||&#8221; header_font_size=&#8221;18px&#8221; header_line_height=&#8221;2em&#8221; max_width=&#8221;100%&#8221; max_width_tablet=&#8221;80%&#8221; max_width_phone=&#8221;100%&#8221; max_width_last_edited=&#8221;on|phone&#8221; module_alignment=&#8221;center&#8221; custom_margin=&#8221;||0px|||&#8221; global_colors_info=&#8221;{}&#8221;]<\/p>\n<p style=\"margin: 0cm 0cm 9.0pt 0cm;\"><span style=\"color: black;\">We support companies and shareholders in structuring and executing partnerships with private equity investors.<\/span><o:p><\/o:p><\/p>\n<p style=\"min-height: 13.8px; margin: 0cm 0cm 9.0pt 0cm;\"><span style=\"color: black;\">DTRAG is typically engaged when capital is required for growth, ownership structures are evolving or shareholders are considering a partial or full exit.<\/span><o:p><\/o:p><\/p>\n<p style=\"min-height: 13.8px; margin: 0cm 0cm 9.0pt 0cm;\"><span style=\"color: black;\">We work as part of your team and take responsibility for the execution of the transaction through to completion.<\/span><o:p><\/o:p><\/p>\n<p>[\/et_pb_text][et_pb_text _builder_version=&#8221;4.23&#8243; _module_preset=&#8221;default&#8221; header_text_align=&#8221;left&#8221; header_font_size=&#8221;36px&#8221; header_2_text_align=&#8221;center&#8221; header_2_font_size=&#8221;34px&#8221; header_3_font=&#8221;montserrat||||||||&#8221; header_3_font_size=&#8221;24px&#8221; custom_margin=&#8221;70px||||false|false&#8221; global_colors_info=&#8221;{}&#8221;]<\/p>\n<h3>When we get involved<\/h3>\n<p>[\/et_pb_text][et_pb_text content_tablet=&#8221;<\/p>\n<p style=%22text-align: center;%22>Im Gegensatz zu vielen anderen Beratungsfirmen ist die DTG ist eine Idee von Praktikern f\u00fcr Praktiker. Unser Team besteht aus Machern \u2013 Unternehmern, Private Equity-Experten mit internationaler Erfahrung und langj\u00e4hrige Experten aus Industrieunternehmen \u2013 und nicht aus Theoretikern.<br \/>Wir sprechen daher die Sprache unserer Kunden und wissen dank unseres breiten Erfahrungsschatzes, wie ein gutes, den Bed\u00fcrfnissen unseres Kunden entsprechendes Arbeitsprodukt aussehen muss. Unser Team hat schon viele Krisen erlebt und kann auch in schwierigen Situationen einen k\u00fchlen Kopf bewahren. Wir bringen hohe Beratungsqualit\u00e4t nach internationalen Standards in den Mittelstand.<br \/>W\u00e4hrend der Fokus unserer T\u00e4tigkeit auf der Arbeit mit Mittelst\u00e4ndlern und Startups aus der DACH-Region liegt, schauen wir \u00fcber den Tellerrand hinaus und begleiten auch gerne Mandanten aus und Projekte in unseren Nachbarl\u00e4ndern.<\/p>\n<p>&#8221; content_phone=&#8221;<\/p>\n<p style=%22text-align: left;%22>Im Gegensatz zu vielen anderen Beratungsfirmen ist die DTG ist eine Idee von Praktikern f\u00fcr Praktiker. Unser Team besteht aus Machern \u2013 Unternehmern, Private Equity-Experten mit internationaler Erfahrung und langj\u00e4hrige Experten aus Industrieunternehmen \u2013 und nicht aus Theoretikern.<\/p>\n<p style=%22text-align: left;%22>Wir sprechen daher die Sprache unserer Kunden und wissen dank unseres breiten Erfahrungsschatzes, wie ein gutes, den Bed\u00fcrfnissen unseres Kunden entsprechendes Arbeitsprodukt aussehen muss. Unser Team hat schon viele Krisen erlebt und kann auch in schwierigen Situationen einen k\u00fchlen Kopf bewahren. Wir bringen hohe Beratungsqualit\u00e4t nach internationalen Standards in den Mittelstand.<\/p>\n<p style=%22text-align: left;%22>W\u00e4hrend der Fokus unserer T\u00e4tigkeit auf der Arbeit mit Mittelst\u00e4ndlern und Startups aus der DACH-Region liegt, schauen wir \u00fcber den Tellerrand hinaus und begleiten auch gerne Mandanten aus und Projekte in unseren Nachbarl\u00e4ndern.<\/p>\n<p>&#8221; content_last_edited=&#8221;off|desktop&#8221; _builder_version=&#8221;4.23.4&#8243; _module_preset=&#8221;default&#8221; text_font=&#8221;opensans||||||||&#8221; header_font=&#8221;opensans||||||||&#8221; header_font_size=&#8221;18px&#8221; header_line_height=&#8221;2em&#8221; max_width=&#8221;100%&#8221; max_width_tablet=&#8221;80%&#8221; max_width_phone=&#8221;100%&#8221; max_width_last_edited=&#8221;on|phone&#8221; module_alignment=&#8221;center&#8221; custom_margin=&#8221;||0px|||&#8221; global_colors_info=&#8221;{}&#8221;]<\/p>\n<p>We are typically engaged when:<\/p>\n<p>&nbsp;<\/p>\n<ul>\n<li>capital is required to fund growth or acquisitions<\/li>\n<li>shareholders are considering a partial or full exit<\/li>\n<li>succession solutions need to be structured<\/li>\n<li>ownership structures are being reconfigured<\/li>\n<li>a partner is sought to support the next phase of development<\/li>\n<\/ul>\n<p>[\/et_pb_text][et_pb_text _builder_version=&#8221;4.23&#8243; _module_preset=&#8221;default&#8221; header_text_align=&#8221;left&#8221; header_font_size=&#8221;36px&#8221; header_2_text_align=&#8221;center&#8221; header_2_font_size=&#8221;34px&#8221; header_3_font=&#8221;montserrat||||||||&#8221; header_3_font_size=&#8221;24px&#8221; custom_margin=&#8221;70px||||false|false&#8221; global_colors_info=&#8221;{}&#8221;]<\/p>\n<h3>What we do<\/h3>\n<p>[\/et_pb_text][et_pb_text content_tablet=&#8221;<\/p>\n<p style=%22text-align: center;%22>Im Gegensatz zu vielen anderen Beratungsfirmen ist die DTG ist eine Idee von Praktikern f\u00fcr Praktiker. Unser Team besteht aus Machern \u2013 Unternehmern, Private Equity-Experten mit internationaler Erfahrung und langj\u00e4hrige Experten aus Industrieunternehmen \u2013 und nicht aus Theoretikern.<br \/>Wir sprechen daher die Sprache unserer Kunden und wissen dank unseres breiten Erfahrungsschatzes, wie ein gutes, den Bed\u00fcrfnissen unseres Kunden entsprechendes Arbeitsprodukt aussehen muss. Unser Team hat schon viele Krisen erlebt und kann auch in schwierigen Situationen einen k\u00fchlen Kopf bewahren. Wir bringen hohe Beratungsqualit\u00e4t nach internationalen Standards in den Mittelstand.<br \/>W\u00e4hrend der Fokus unserer T\u00e4tigkeit auf der Arbeit mit Mittelst\u00e4ndlern und Startups aus der DACH-Region liegt, schauen wir \u00fcber den Tellerrand hinaus und begleiten auch gerne Mandanten aus und Projekte in unseren Nachbarl\u00e4ndern.<\/p>\n<p>&#8221; content_phone=&#8221;<\/p>\n<p style=%22text-align: left;%22>Im Gegensatz zu vielen anderen Beratungsfirmen ist die DTG ist eine Idee von Praktikern f\u00fcr Praktiker. Unser Team besteht aus Machern \u2013 Unternehmern, Private Equity-Experten mit internationaler Erfahrung und langj\u00e4hrige Experten aus Industrieunternehmen \u2013 und nicht aus Theoretikern.<\/p>\n<p style=%22text-align: left;%22>Wir sprechen daher die Sprache unserer Kunden und wissen dank unseres breiten Erfahrungsschatzes, wie ein gutes, den Bed\u00fcrfnissen unseres Kunden entsprechendes Arbeitsprodukt aussehen muss. Unser Team hat schon viele Krisen erlebt und kann auch in schwierigen Situationen einen k\u00fchlen Kopf bewahren. Wir bringen hohe Beratungsqualit\u00e4t nach internationalen Standards in den Mittelstand.<\/p>\n<p style=%22text-align: left;%22>W\u00e4hrend der Fokus unserer T\u00e4tigkeit auf der Arbeit mit Mittelst\u00e4ndlern und Startups aus der DACH-Region liegt, schauen wir \u00fcber den Tellerrand hinaus und begleiten auch gerne Mandanten aus und Projekte in unseren Nachbarl\u00e4ndern.<\/p>\n<p>&#8221; content_last_edited=&#8221;off|desktop&#8221; _builder_version=&#8221;4.23.4&#8243; _module_preset=&#8221;default&#8221; text_font=&#8221;opensans||||||||&#8221; header_font=&#8221;opensans||||||||&#8221; header_font_size=&#8221;18px&#8221; header_line_height=&#8221;2em&#8221; max_width=&#8221;100%&#8221; max_width_tablet=&#8221;80%&#8221; max_width_phone=&#8221;100%&#8221; max_width_last_edited=&#8221;on|phone&#8221; module_alignment=&#8221;center&#8221; custom_margin=&#8221;||0px|||&#8221; global_colors_info=&#8221;{}&#8221;]<\/p>\n<p>We support the full process of identifying and executing a partnership with an equity investor, including:<\/p>\n<p>&nbsp;<\/p>\n<ul>\n<li>defining the appropriate transaction structure<\/li>\n<li>identifying and approaching relevant investors<\/li>\n<li>preparing transaction materials<\/li>\n<li>managing the investor process<\/li>\n<li>supporting negotiations and structuring discussions<\/li>\n<li>coordinating advisors and stakeholders<\/li>\n<li>driving execution through to signing and closing<\/li>\n<\/ul>\n<p>[\/et_pb_text][et_pb_text _builder_version=&#8221;4.23.1&#8243; _module_preset=&#8221;default&#8221; header_text_align=&#8221;left&#8221; header_font_size=&#8221;36px&#8221; header_2_text_align=&#8221;center&#8221; header_2_font_size=&#8221;34px&#8221; header_3_font=&#8221;montserrat||||||||&#8221; header_3_font_size=&#8221;24px&#8221; custom_margin=&#8221;70px||||false|false&#8221; global_colors_info=&#8221;{}&#8221;]<\/p>\n<h3>How we work<\/h3>\n<p>[\/et_pb_text][et_pb_text content_tablet=&#8221;<\/p>\n<p style=%22text-align: center;%22>Im Gegensatz zu vielen anderen Beratungsfirmen ist die DTG ist eine Idee von Praktikern f\u00fcr Praktiker. Unser Team besteht aus Machern \u2013 Unternehmern, Private Equity-Experten mit internationaler Erfahrung und langj\u00e4hrige Experten aus Industrieunternehmen \u2013 und nicht aus Theoretikern.<br \/>Wir sprechen daher die Sprache unserer Kunden und wissen dank unseres breiten Erfahrungsschatzes, wie ein gutes, den Bed\u00fcrfnissen unseres Kunden entsprechendes Arbeitsprodukt aussehen muss. Unser Team hat schon viele Krisen erlebt und kann auch in schwierigen Situationen einen k\u00fchlen Kopf bewahren. Wir bringen hohe Beratungsqualit\u00e4t nach internationalen Standards in den Mittelstand.<br \/>W\u00e4hrend der Fokus unserer T\u00e4tigkeit auf der Arbeit mit Mittelst\u00e4ndlern und Startups aus der DACH-Region liegt, schauen wir \u00fcber den Tellerrand hinaus und begleiten auch gerne Mandanten aus und Projekte in unseren Nachbarl\u00e4ndern.<\/p>\n<p>&#8221; content_phone=&#8221;<\/p>\n<p style=%22text-align: left;%22>Im Gegensatz zu vielen anderen Beratungsfirmen ist die DTG ist eine Idee von Praktikern f\u00fcr Praktiker. Unser Team besteht aus Machern \u2013 Unternehmern, Private Equity-Experten mit internationaler Erfahrung und langj\u00e4hrige Experten aus Industrieunternehmen \u2013 und nicht aus Theoretikern.<\/p>\n<p style=%22text-align: left;%22>Wir sprechen daher die Sprache unserer Kunden und wissen dank unseres breiten Erfahrungsschatzes, wie ein gutes, den Bed\u00fcrfnissen unseres Kunden entsprechendes Arbeitsprodukt aussehen muss. Unser Team hat schon viele Krisen erlebt und kann auch in schwierigen Situationen einen k\u00fchlen Kopf bewahren. Wir bringen hohe Beratungsqualit\u00e4t nach internationalen Standards in den Mittelstand.<\/p>\n<p style=%22text-align: left;%22>W\u00e4hrend der Fokus unserer T\u00e4tigkeit auf der Arbeit mit Mittelst\u00e4ndlern und Startups aus der DACH-Region liegt, schauen wir \u00fcber den Tellerrand hinaus und begleiten auch gerne Mandanten aus und Projekte in unseren Nachbarl\u00e4ndern.<\/p>\n<p>&#8221; content_last_edited=&#8221;off|desktop&#8221; _builder_version=&#8221;4.23.4&#8243; _module_preset=&#8221;default&#8221; text_font=&#8221;opensans||||||||&#8221; header_font=&#8221;opensans||||||||&#8221; header_font_size=&#8221;18px&#8221; header_line_height=&#8221;2em&#8221; max_width=&#8221;100%&#8221; max_width_tablet=&#8221;80%&#8221; max_width_phone=&#8221;100%&#8221; max_width_last_edited=&#8221;on|phone&#8221; module_alignment=&#8221;center&#8221; custom_margin=&#8221;||0px|||&#8221; global_colors_info=&#8221;{}&#8221;]<\/p>\n<p style=\"margin: 0cm 0cm 9.0pt 0cm;\"><span style=\"color: black;\">We act as an integrated part of your deal team and focus on execution.<\/span><o:p><\/o:p><\/p>\n<p style=\"margin: 0cm 0cm 9.0pt 0cm;\"><span style=\"color: black;\">Our role is to ensure that the process is structured, competitive and driven forward \u2013 and that you reach the right outcome with the right partner.<\/span><o:p><\/o:p><\/p>\n<p>[\/et_pb_text][et_pb_text _builder_version=&#8221;4.23&#8243; _module_preset=&#8221;default&#8221; header_text_align=&#8221;left&#8221; header_font_size=&#8221;36px&#8221; header_2_text_align=&#8221;center&#8221; header_2_font_size=&#8221;34px&#8221; header_3_font=&#8221;montserrat||||||||&#8221; header_3_font_size=&#8221;24px&#8221; custom_margin=&#8221;70px||||false|false&#8221; global_colors_info=&#8221;{}&#8221;]<\/p>\n<h3>Contact Us<\/h3>\n<p>[\/et_pb_text][et_pb_text content_tablet=&#8221;<\/p>\n<p style=%22text-align: center;%22>Im Gegensatz zu vielen anderen Beratungsfirmen ist die DTG ist eine Idee von Praktikern f\u00fcr Praktiker. Unser Team besteht aus Machern \u2013 Unternehmern, Private Equity-Experten mit internationaler Erfahrung und langj\u00e4hrige Experten aus Industrieunternehmen \u2013 und nicht aus Theoretikern.<br \/>Wir sprechen daher die Sprache unserer Kunden und wissen dank unseres breiten Erfahrungsschatzes, wie ein gutes, den Bed\u00fcrfnissen unseres Kunden entsprechendes Arbeitsprodukt aussehen muss. Unser Team hat schon viele Krisen erlebt und kann auch in schwierigen Situationen einen k\u00fchlen Kopf bewahren. Wir bringen hohe Beratungsqualit\u00e4t nach internationalen Standards in den Mittelstand.<br \/>W\u00e4hrend der Fokus unserer T\u00e4tigkeit auf der Arbeit mit Mittelst\u00e4ndlern und Startups aus der DACH-Region liegt, schauen wir \u00fcber den Tellerrand hinaus und begleiten auch gerne Mandanten aus und Projekte in unseren Nachbarl\u00e4ndern.<\/p>\n<p>&#8221; content_phone=&#8221;<\/p>\n<p style=%22text-align: center;%22>Im Gegensatz zu vielen anderen Beratungsfirmen ist die DTG ist eine Idee von Praktikern f\u00fcr Praktiker. Unser Team besteht aus Machern \u2013 Unternehmern, Private Equity-Experten mit internationaler Erfahrung und langj\u00e4hrige Experten aus Industrieunternehmen \u2013 und nicht aus Theoretikern.<\/p>\n<p style=%22text-align: center;%22>\n<p style=%22text-align: center;%22>Wir sprechen daher die Sprache unserer Kunden und wissen dank unseres breiten Erfahrungsschatzes, wie ein gutes, den Bed\u00fcrfnissen unseres Kunden entsprechendes Arbeitsprodukt aussehen muss. Unser Team hat schon viele Krisen erlebt und kann auch in schwierigen Situationen einen k\u00fchlen Kopf bewahren. Wir bringen hohe Beratungsqualit\u00e4t nach internationalen Standards in den Mittelstand.<\/p>\n<p style=%22text-align: center;%22>\n<p style=%22text-align: center;%22>W\u00e4hrend der Fokus unserer T\u00e4tigkeit auf der Arbeit mit Mittelst\u00e4ndlern und Startups aus der DACH-Region liegt, schauen wir \u00fcber den Tellerrand hinaus und begleiten auch gerne Mandanten aus und Projekte in unseren Nachbarl\u00e4ndern.<\/p>\n<p>&#8221; content_last_edited=&#8221;off|desktop&#8221; _builder_version=&#8221;4.23.4&#8243; _module_preset=&#8221;default&#8221; text_font=&#8221;opensans||||||||&#8221; header_font=&#8221;opensans||||||||&#8221; header_font_size=&#8221;18px&#8221; header_line_height=&#8221;2em&#8221; max_width=&#8221;100%&#8221; max_width_tablet=&#8221;80%&#8221; max_width_phone=&#8221;100%&#8221; max_width_last_edited=&#8221;on|phone&#8221; module_alignment=&#8221;center&#8221; custom_margin=&#8221;||0px|||&#8221; global_colors_info=&#8221;{}&#8221;]<\/p>\n<p>We enjoy assisting our clients through the entire negotiation process with third party investors. If you would like to learn more about this topic, please feel free to contact us anytime on <a href=\"mailto:kontakt@dtrag.de\">kontakt@dtrag.de.<\/a><\/p>\n<p>[\/et_pb_text][\/et_pb_column][\/et_pb_row][\/et_pb_section]<\/p>\n","protected":false},"excerpt":{"rendered":"<p>For Companies.Private Equity PartnershipsWe support companies and shareholders in structuring and executing partnerships with private equity investors. DTRAG is typically engaged when capital is required for growth, ownership structures are evolving or shareholders are considering a partial or full exit. We work as part of your team and take responsibility for the execution of the [&hellip;]<\/p>\n","protected":false},"author":3,"featured_media":0,"parent":0,"menu_order":0,"comment_status":"closed","ping_status":"closed","template":"","meta":{"_et_pb_use_builder":"on","_et_pb_old_content":"","_et_gb_content_width":"","footnotes":""},"class_list":["post-278","page","type-page","status-publish","hentry"],"yoast_head":"<!-- This site is optimized with the Yoast SEO plugin v27.5 - https:\/\/yoast.com\/product\/yoast-seo-wordpress\/ -->\n<title>Private Equity Partnerships for Companies<\/title>\n<meta name=\"description\" content=\"Together with you we will explore your options and find the right equity financing partner for your business and growth ambitions.\" \/>\n<meta name=\"robots\" content=\"index, follow, max-snippet:-1, max-image-preview:large, max-video-preview:-1\" \/>\n<link rel=\"canonical\" href=\"https:\/\/dtrag.de\/private-equity-partnerschaften-fuer-unternehmen\/\" \/>\n<meta property=\"og:locale\" content=\"en_US\" \/>\n<meta property=\"og:type\" content=\"article\" \/>\n<meta property=\"og:title\" content=\"Private Equity Partnerships for Companies\" \/>\n<meta property=\"og:description\" content=\"Together with you we will explore your options and find the right equity financing partner for your business and growth ambitions.\" \/>\n<meta property=\"og:url\" content=\"https:\/\/dtrag.de\/private-equity-partnerschaften-fuer-unternehmen\/\" \/>\n<meta property=\"og:site_name\" content=\"Deutsche Transaktionsgesellschaft\" \/>\n<meta property=\"article:modified_time\" content=\"2026-04-07T10:42:39+00:00\" \/>\n<meta name=\"twitter:card\" content=\"summary_large_image\" \/>\n<meta name=\"twitter:label1\" content=\"Est. reading time\" \/>\n\t<meta name=\"twitter:data1\" content=\"15 minutes\" \/>\n<script type=\"application\/ld+json\" class=\"yoast-schema-graph\">{\"@context\":\"https:\\\/\\\/schema.org\",\"@graph\":[{\"@type\":\"WebPage\",\"@id\":\"https:\\\/\\\/dtrag.de\\\/private-equity-partnerschaften-fuer-unternehmen\\\/\",\"url\":\"https:\\\/\\\/dtrag.de\\\/private-equity-partnerschaften-fuer-unternehmen\\\/\",\"name\":\"Private Equity Partnerships for Companies\",\"isPartOf\":{\"@id\":\"https:\\\/\\\/dtrag.de\\\/#website\"},\"datePublished\":\"2023-11-27T12:37:48+00:00\",\"dateModified\":\"2026-04-07T10:42:39+00:00\",\"description\":\"Together with you we will explore your options and find the right equity financing partner for your business and growth ambitions.\",\"breadcrumb\":{\"@id\":\"https:\\\/\\\/dtrag.de\\\/private-equity-partnerschaften-fuer-unternehmen\\\/#breadcrumb\"},\"inLanguage\":\"en-US\",\"potentialAction\":[{\"@type\":\"ReadAction\",\"target\":[\"https:\\\/\\\/dtrag.de\\\/private-equity-partnerschaften-fuer-unternehmen\\\/\"]}]},{\"@type\":\"BreadcrumbList\",\"@id\":\"https:\\\/\\\/dtrag.de\\\/private-equity-partnerschaften-fuer-unternehmen\\\/#breadcrumb\",\"itemListElement\":[{\"@type\":\"ListItem\",\"position\":1,\"name\":\"Startseite\",\"item\":\"https:\\\/\\\/dtrag.de\\\/\"},{\"@type\":\"ListItem\",\"position\":2,\"name\":\"EN Private Equity Partnerships for Companies (Private Equity-Partnerschaften f\u00fcr Unternehmen)\"}]},{\"@type\":\"WebSite\",\"@id\":\"https:\\\/\\\/dtrag.de\\\/#website\",\"url\":\"https:\\\/\\\/dtrag.de\\\/\",\"name\":\"Deutsche Transaktionsgesellschaft\",\"description\":\"Beratungsgesellschaft D\u00fcsseldorf\",\"potentialAction\":[{\"@type\":\"SearchAction\",\"target\":{\"@type\":\"EntryPoint\",\"urlTemplate\":\"https:\\\/\\\/dtrag.de\\\/?s={search_term_string}\"},\"query-input\":{\"@type\":\"PropertyValueSpecification\",\"valueRequired\":true,\"valueName\":\"search_term_string\"}}],\"inLanguage\":\"en-US\"}]}<\/script>\n<!-- \/ Yoast SEO plugin. -->","yoast_head_json":{"title":"Private Equity Partnerships for Companies","description":"Together with you we will explore your options and find the right equity financing partner for your business and growth ambitions.","robots":{"index":"index","follow":"follow","max-snippet":"max-snippet:-1","max-image-preview":"max-image-preview:large","max-video-preview":"max-video-preview:-1"},"canonical":"https:\/\/dtrag.de\/private-equity-partnerschaften-fuer-unternehmen\/","og_locale":"en_US","og_type":"article","og_title":"Private Equity Partnerships for Companies","og_description":"Together with you we will explore your options and find the right equity financing partner for your business and growth ambitions.","og_url":"https:\/\/dtrag.de\/private-equity-partnerschaften-fuer-unternehmen\/","og_site_name":"Deutsche Transaktionsgesellschaft","article_modified_time":"2026-04-07T10:42:39+00:00","twitter_card":"summary_large_image","twitter_misc":{"Est. reading time":"15 minutes"},"schema":{"@context":"https:\/\/schema.org","@graph":[{"@type":"WebPage","@id":"https:\/\/dtrag.de\/private-equity-partnerschaften-fuer-unternehmen\/","url":"https:\/\/dtrag.de\/private-equity-partnerschaften-fuer-unternehmen\/","name":"Private Equity Partnerships for Companies","isPartOf":{"@id":"https:\/\/dtrag.de\/#website"},"datePublished":"2023-11-27T12:37:48+00:00","dateModified":"2026-04-07T10:42:39+00:00","description":"Together with you we will explore your options and find the right equity financing partner for your business and growth ambitions.","breadcrumb":{"@id":"https:\/\/dtrag.de\/private-equity-partnerschaften-fuer-unternehmen\/#breadcrumb"},"inLanguage":"en-US","potentialAction":[{"@type":"ReadAction","target":["https:\/\/dtrag.de\/private-equity-partnerschaften-fuer-unternehmen\/"]}]},{"@type":"BreadcrumbList","@id":"https:\/\/dtrag.de\/private-equity-partnerschaften-fuer-unternehmen\/#breadcrumb","itemListElement":[{"@type":"ListItem","position":1,"name":"Startseite","item":"https:\/\/dtrag.de\/"},{"@type":"ListItem","position":2,"name":"EN Private Equity Partnerships for Companies (Private Equity-Partnerschaften f\u00fcr Unternehmen)"}]},{"@type":"WebSite","@id":"https:\/\/dtrag.de\/#website","url":"https:\/\/dtrag.de\/","name":"Deutsche Transaktionsgesellschaft","description":"Beratungsgesellschaft D\u00fcsseldorf","potentialAction":[{"@type":"SearchAction","target":{"@type":"EntryPoint","urlTemplate":"https:\/\/dtrag.de\/?s={search_term_string}"},"query-input":{"@type":"PropertyValueSpecification","valueRequired":true,"valueName":"search_term_string"}}],"inLanguage":"en-US"}]}},"_links":{"self":[{"href":"https:\/\/dtrag.de\/en\/wp-json\/wp\/v2\/pages\/278","targetHints":{"allow":["GET"]}}],"collection":[{"href":"https:\/\/dtrag.de\/en\/wp-json\/wp\/v2\/pages"}],"about":[{"href":"https:\/\/dtrag.de\/en\/wp-json\/wp\/v2\/types\/page"}],"author":[{"embeddable":true,"href":"https:\/\/dtrag.de\/en\/wp-json\/wp\/v2\/users\/3"}],"replies":[{"embeddable":true,"href":"https:\/\/dtrag.de\/en\/wp-json\/wp\/v2\/comments?post=278"}],"version-history":[{"count":14,"href":"https:\/\/dtrag.de\/en\/wp-json\/wp\/v2\/pages\/278\/revisions"}],"predecessor-version":[{"id":1503,"href":"https:\/\/dtrag.de\/en\/wp-json\/wp\/v2\/pages\/278\/revisions\/1503"}],"wp:attachment":[{"href":"https:\/\/dtrag.de\/en\/wp-json\/wp\/v2\/media?parent=278"}],"curies":[{"name":"wp","href":"https:\/\/api.w.org\/{rel}","templated":true}]}}