{"id":292,"date":"2023-11-27T12:34:25","date_gmt":"2023-11-27T12:34:25","guid":{"rendered":"https:\/\/dtrag.de\/?page_id=292"},"modified":"2026-04-05T13:36:14","modified_gmt":"2026-04-05T13:36:14","slug":"company-valuations-for-corporates","status":"publish","type":"page","link":"https:\/\/dtrag.de\/en\/company-valuations-for-corporates\/","title":{"rendered":"EN Company Valuations for Corporate Clients (Unternehmensbewertungen f\u00fcr Unternehmen)"},"content":{"rendered":"<p>[et_pb_section fb_built=&#8221;1&#8243; custom_padding_last_edited=&#8221;on|phone&#8221; _builder_version=&#8221;4.23&#8243; _module_preset=&#8221;default&#8221; custom_padding=&#8221;120px||120px||true|false&#8221; custom_padding_tablet=&#8221;120px||120px||true|false&#8221; custom_padding_phone=&#8221;40px||40px||true|false&#8221; global_colors_info=&#8221;{}&#8221;][et_pb_row _builder_version=&#8221;4.22.2&#8243; _module_preset=&#8221;default&#8221; width=&#8221;65%&#8221; width_tablet=&#8221;65%&#8221; width_phone=&#8221;90%&#8221; width_last_edited=&#8221;on|phone&#8221; module_alignment=&#8221;center&#8221; global_colors_info=&#8221;{}&#8221;][et_pb_column type=&#8221;4_4&#8243; _builder_version=&#8221;4.22.2&#8243; _module_preset=&#8221;default&#8221; global_colors_info=&#8221;{}&#8221;][et_pb_text _builder_version=&#8221;4.23.1&#8243; _module_preset=&#8221;default&#8221; header_2_font=&#8221;montserrat||||||||&#8221; header_2_text_align=&#8221;left&#8221; header_2_text_color=&#8221;#00c8df&#8221; header_2_font_size=&#8221;18px&#8221; global_colors_info=&#8221;{}&#8221;]<\/p>\n<h2>For Companies.<\/h2>\n<p>[\/et_pb_text][et_pb_text _builder_version=&#8221;4.23.4&#8243; _module_preset=&#8221;default&#8221; header_text_align=&#8221;left&#8221; header_font_size=&#8221;36px&#8221; header_2_text_align=&#8221;center&#8221; header_2_font_size=&#8221;34px&#8221; header_font_size_tablet=&#8221;36px&#8221; header_font_size_phone=&#8221;30px&#8221; header_font_size_last_edited=&#8221;on|phone&#8221; global_colors_info=&#8221;{}&#8221;]<\/p>\n<h1>Company Valuations for Corporate Clients<\/h1>\n<p>[\/et_pb_text][et_pb_text content_tablet=&#8221;<\/p>\n<p style=%22text-align: center;%22>Im Gegensatz zu vielen anderen Beratungsfirmen ist die DTG ist eine Idee von Praktikern f\u00fcr Praktiker. Unser Team besteht aus Machern \u2013 Unternehmern, Private Equity-Experten mit internationaler Erfahrung und langj\u00e4hrige Experten aus Industrieunternehmen \u2013 und nicht aus Theoretikern.<br \/>Wir sprechen daher die Sprache unserer Kunden und wissen dank unseres breiten Erfahrungsschatzes, wie ein gutes, den Bed\u00fcrfnissen unseres Kunden entsprechendes Arbeitsprodukt aussehen muss. Unser Team hat schon viele Krisen erlebt und kann auch in schwierigen Situationen einen k\u00fchlen Kopf bewahren. Wir bringen hohe Beratungsqualit\u00e4t nach internationalen Standards in den Mittelstand.<br \/>W\u00e4hrend der Fokus unserer T\u00e4tigkeit auf der Arbeit mit Mittelst\u00e4ndlern und Startups aus der DACH-Region liegt, schauen wir \u00fcber den Tellerrand hinaus und begleiten auch gerne Mandanten aus und Projekte in unseren Nachbarl\u00e4ndern.<\/p>\n<p>&#8221; content_phone=&#8221;<\/p>\n<p style=%22text-align: left;%22>Im Gegensatz zu vielen anderen Beratungsfirmen ist die DTG ist eine Idee von Praktikern f\u00fcr Praktiker. Unser Team besteht aus Machern \u2013 Unternehmern, Private Equity-Experten mit internationaler Erfahrung und langj\u00e4hrige Experten aus Industrieunternehmen \u2013 und nicht aus Theoretikern.<\/p>\n<p style=%22text-align: left;%22>Wir sprechen daher die Sprache unserer Kunden und wissen dank unseres breiten Erfahrungsschatzes, wie ein gutes, den Bed\u00fcrfnissen unseres Kunden entsprechendes Arbeitsprodukt aussehen muss. Unser Team hat schon viele Krisen erlebt und kann auch in schwierigen Situationen einen k\u00fchlen Kopf bewahren. Wir bringen hohe Beratungsqualit\u00e4t nach internationalen Standards in den Mittelstand.<\/p>\n<p style=%22text-align: left;%22>W\u00e4hrend der Fokus unserer T\u00e4tigkeit auf der Arbeit mit Mittelst\u00e4ndlern und Startups aus der DACH-Region liegt, schauen wir \u00fcber den Tellerrand hinaus und begleiten auch gerne Mandanten aus und Projekte in unseren Nachbarl\u00e4ndern.<\/p>\n<p>&#8221; content_last_edited=&#8221;off|desktop&#8221; _builder_version=&#8221;4.23.4&#8243; _module_preset=&#8221;default&#8221; text_font=&#8221;opensans||||||||&#8221; header_font=&#8221;opensans||||||||&#8221; header_font_size=&#8221;18px&#8221; header_line_height=&#8221;2em&#8221; max_width=&#8221;100%&#8221; max_width_tablet=&#8221;80%&#8221; max_width_phone=&#8221;100%&#8221; max_width_last_edited=&#8221;on|phone&#8221; module_alignment=&#8221;center&#8221; custom_margin=&#8221;||0px|||&#8221; global_colors_info=&#8221;{}&#8221;]<\/p>\n<p style=\"margin: 0cm 0cm 9.0pt 0cm;\"><span style=\"color: black;\">We provide company valuations in the context of transactions, financing processes and strategic decision-making.<\/span><o:p><\/o:p><\/p>\n<p style=\"min-height: 13.8px; margin: 0cm 0cm 9.0pt 0cm;\"><span style=\"color: black;\">DTRAG is typically engaged when a valuation is required to support a live process \u2013 whether in a sale, capital raise or internal decision.<\/span><o:p><\/o:p><\/p>\n<p>[\/et_pb_text][et_pb_text _builder_version=&#8221;4.23.2&#8243; _module_preset=&#8221;default&#8221; header_text_align=&#8221;left&#8221; header_font_size=&#8221;36px&#8221; header_2_text_align=&#8221;center&#8221; header_2_font_size=&#8221;34px&#8221; header_3_font=&#8221;montserrat||||||||&#8221; header_3_font_size=&#8221;24px&#8221; custom_margin=&#8221;70px||||false|false&#8221; global_colors_info=&#8221;{}&#8221;]<\/p>\n<h3>When we get involved<\/h3>\n<p>[\/et_pb_text][et_pb_text content_tablet=&#8221;<\/p>\n<p style=%22text-align: center;%22>Im Gegensatz zu vielen anderen Beratungsfirmen ist die DTG ist eine Idee von Praktikern f\u00fcr Praktiker. Unser Team besteht aus Machern \u2013 Unternehmern, Private Equity-Experten mit internationaler Erfahrung und langj\u00e4hrige Experten aus Industrieunternehmen \u2013 und nicht aus Theoretikern.<br \/>Wir sprechen daher die Sprache unserer Kunden und wissen dank unseres breiten Erfahrungsschatzes, wie ein gutes, den Bed\u00fcrfnissen unseres Kunden entsprechendes Arbeitsprodukt aussehen muss. Unser Team hat schon viele Krisen erlebt und kann auch in schwierigen Situationen einen k\u00fchlen Kopf bewahren. Wir bringen hohe Beratungsqualit\u00e4t nach internationalen Standards in den Mittelstand.<br \/>W\u00e4hrend der Fokus unserer T\u00e4tigkeit auf der Arbeit mit Mittelst\u00e4ndlern und Startups aus der DACH-Region liegt, schauen wir \u00fcber den Tellerrand hinaus und begleiten auch gerne Mandanten aus und Projekte in unseren Nachbarl\u00e4ndern.<\/p>\n<p>&#8221; content_phone=&#8221;<\/p>\n<p style=%22text-align: center;%22>Im Gegensatz zu vielen anderen Beratungsfirmen ist die DTG ist eine Idee von Praktikern f\u00fcr Praktiker. Unser Team besteht aus Machern \u2013 Unternehmern, Private Equity-Experten mit internationaler Erfahrung und langj\u00e4hrige Experten aus Industrieunternehmen \u2013 und nicht aus Theoretikern.<\/p>\n<p style=%22text-align: center;%22>\n<p style=%22text-align: center;%22>Wir sprechen daher die Sprache unserer Kunden und wissen dank unseres breiten Erfahrungsschatzes, wie ein gutes, den Bed\u00fcrfnissen unseres Kunden entsprechendes Arbeitsprodukt aussehen muss. Unser Team hat schon viele Krisen erlebt und kann auch in schwierigen Situationen einen k\u00fchlen Kopf bewahren. Wir bringen hohe Beratungsqualit\u00e4t nach internationalen Standards in den Mittelstand.<\/p>\n<p style=%22text-align: center;%22>\n<p style=%22text-align: center;%22>W\u00e4hrend der Fokus unserer T\u00e4tigkeit auf der Arbeit mit Mittelst\u00e4ndlern und Startups aus der DACH-Region liegt, schauen wir \u00fcber den Tellerrand hinaus und begleiten auch gerne Mandanten aus und Projekte in unseren Nachbarl\u00e4ndern.<\/p>\n<p>&#8221; content_last_edited=&#8221;off|desktop&#8221; _builder_version=&#8221;4.23.4&#8243; _module_preset=&#8221;default&#8221; text_font=&#8221;opensans||||||||&#8221; header_font=&#8221;opensans||||||||&#8221; header_font_size=&#8221;18px&#8221; header_line_height=&#8221;2em&#8221; max_width=&#8221;100%&#8221; max_width_tablet=&#8221;80%&#8221; max_width_phone=&#8221;100%&#8221; max_width_last_edited=&#8221;on|phone&#8221; module_alignment=&#8221;center&#8221; custom_margin=&#8221;||0px|||&#8221; global_colors_info=&#8221;{}&#8221;]<\/p>\n<p>We are typically engaged when:<\/p>\n<p>&nbsp;<\/p>\n<ul>\n<li>a company is being sold or acquired<\/li>\n<li>capital is being raised<\/li>\n<li>ownership structures are being reconfigured<\/li>\n<li>strategic options need to be assessed<\/li>\n<li>a valuation is required to support negotiations<\/li>\n<\/ul>\n<p>[\/et_pb_text][et_pb_text _builder_version=&#8221;4.23.1&#8243; _module_preset=&#8221;default&#8221; header_text_align=&#8221;left&#8221; header_font_size=&#8221;36px&#8221; header_2_text_align=&#8221;center&#8221; header_2_font_size=&#8221;34px&#8221; header_3_font=&#8221;montserrat||||||||&#8221; header_3_font_size=&#8221;24px&#8221; custom_margin=&#8221;70px||||false|false&#8221; custom_padding=&#8221;9px|||||&#8221; global_colors_info=&#8221;{}&#8221;]<\/p>\n<h3>What we do<\/h3>\n<p>[\/et_pb_text][et_pb_text content_tablet=&#8221;<\/p>\n<p style=%22text-align: center;%22>Im Gegensatz zu vielen anderen Beratungsfirmen ist die DTG ist eine Idee von Praktikern f\u00fcr Praktiker. Unser Team besteht aus Machern \u2013 Unternehmern, Private Equity-Experten mit internationaler Erfahrung und langj\u00e4hrige Experten aus Industrieunternehmen \u2013 und nicht aus Theoretikern.<br \/>Wir sprechen daher die Sprache unserer Kunden und wissen dank unseres breiten Erfahrungsschatzes, wie ein gutes, den Bed\u00fcrfnissen unseres Kunden entsprechendes Arbeitsprodukt aussehen muss. Unser Team hat schon viele Krisen erlebt und kann auch in schwierigen Situationen einen k\u00fchlen Kopf bewahren. Wir bringen hohe Beratungsqualit\u00e4t nach internationalen Standards in den Mittelstand.<br \/>W\u00e4hrend der Fokus unserer T\u00e4tigkeit auf der Arbeit mit Mittelst\u00e4ndlern und Startups aus der DACH-Region liegt, schauen wir \u00fcber den Tellerrand hinaus und begleiten auch gerne Mandanten aus und Projekte in unseren Nachbarl\u00e4ndern.<\/p>\n<p>&#8221; content_phone=&#8221;<\/p>\n<p style=%22text-align: center;%22>Im Gegensatz zu vielen anderen Beratungsfirmen ist die DTG ist eine Idee von Praktikern f\u00fcr Praktiker. Unser Team besteht aus Machern \u2013 Unternehmern, Private Equity-Experten mit internationaler Erfahrung und langj\u00e4hrige Experten aus Industrieunternehmen \u2013 und nicht aus Theoretikern.<\/p>\n<p style=%22text-align: center;%22>\n<p style=%22text-align: center;%22>Wir sprechen daher die Sprache unserer Kunden und wissen dank unseres breiten Erfahrungsschatzes, wie ein gutes, den Bed\u00fcrfnissen unseres Kunden entsprechendes Arbeitsprodukt aussehen muss. Unser Team hat schon viele Krisen erlebt und kann auch in schwierigen Situationen einen k\u00fchlen Kopf bewahren. Wir bringen hohe Beratungsqualit\u00e4t nach internationalen Standards in den Mittelstand.<\/p>\n<p style=%22text-align: center;%22>\n<p style=%22text-align: center;%22>W\u00e4hrend der Fokus unserer T\u00e4tigkeit auf der Arbeit mit Mittelst\u00e4ndlern und Startups aus der DACH-Region liegt, schauen wir \u00fcber den Tellerrand hinaus und begleiten auch gerne Mandanten aus und Projekte in unseren Nachbarl\u00e4ndern.<\/p>\n<p>&#8221; content_last_edited=&#8221;off|desktop&#8221; _builder_version=&#8221;4.23.4&#8243; _module_preset=&#8221;default&#8221; text_font=&#8221;opensans||||||||&#8221; header_font=&#8221;opensans||||||||&#8221; header_font_size=&#8221;18px&#8221; header_line_height=&#8221;2em&#8221; max_width=&#8221;100%&#8221; max_width_tablet=&#8221;80%&#8221; max_width_phone=&#8221;100%&#8221; max_width_last_edited=&#8221;on|phone&#8221; module_alignment=&#8221;center&#8221; custom_margin=&#8221;||0px|||&#8221; global_colors_info=&#8221;{}&#8221;]<\/p>\n<p>We develop valuations tailored to the specific situation, including:<\/p>\n<p>&nbsp;<\/p>\n<ul>\n<li>transaction-driven valuations<\/li>\n<li>valuation analysis in financing processes<\/li>\n<li>support of negotiations through valuation insights<\/li>\n<li>review and challenge of third-party valuations<\/li>\n<\/ul>\n<p>[\/et_pb_text][et_pb_text _builder_version=&#8221;4.23.1&#8243; _module_preset=&#8221;default&#8221; header_text_align=&#8221;left&#8221; header_font_size=&#8221;36px&#8221; header_2_text_align=&#8221;center&#8221; header_2_font_size=&#8221;34px&#8221; header_3_font=&#8221;montserrat||||||||&#8221; header_3_font_size=&#8221;24px&#8221; custom_margin=&#8221;70px||||false|false&#8221; custom_padding=&#8221;9px|||||&#8221; global_colors_info=&#8221;{}&#8221;]<\/p>\n<h3>How we work<\/h3>\n<p>[\/et_pb_text][et_pb_text content_tablet=&#8221;<\/p>\n<p style=%22text-align: center;%22>Im Gegensatz zu vielen anderen Beratungsfirmen ist die DTG ist eine Idee von Praktikern f\u00fcr Praktiker. Unser Team besteht aus Machern \u2013 Unternehmern, Private Equity-Experten mit internationaler Erfahrung und langj\u00e4hrige Experten aus Industrieunternehmen \u2013 und nicht aus Theoretikern.<br \/>Wir sprechen daher die Sprache unserer Kunden und wissen dank unseres breiten Erfahrungsschatzes, wie ein gutes, den Bed\u00fcrfnissen unseres Kunden entsprechendes Arbeitsprodukt aussehen muss. Unser Team hat schon viele Krisen erlebt und kann auch in schwierigen Situationen einen k\u00fchlen Kopf bewahren. Wir bringen hohe Beratungsqualit\u00e4t nach internationalen Standards in den Mittelstand.<br \/>W\u00e4hrend der Fokus unserer T\u00e4tigkeit auf der Arbeit mit Mittelst\u00e4ndlern und Startups aus der DACH-Region liegt, schauen wir \u00fcber den Tellerrand hinaus und begleiten auch gerne Mandanten aus und Projekte in unseren Nachbarl\u00e4ndern.<\/p>\n<p>&#8221; content_phone=&#8221;<\/p>\n<p style=%22text-align: center;%22>Im Gegensatz zu vielen anderen Beratungsfirmen ist die DTG ist eine Idee von Praktikern f\u00fcr Praktiker. Unser Team besteht aus Machern \u2013 Unternehmern, Private Equity-Experten mit internationaler Erfahrung und langj\u00e4hrige Experten aus Industrieunternehmen \u2013 und nicht aus Theoretikern.<\/p>\n<p style=%22text-align: center;%22>\n<p style=%22text-align: center;%22>Wir sprechen daher die Sprache unserer Kunden und wissen dank unseres breiten Erfahrungsschatzes, wie ein gutes, den Bed\u00fcrfnissen unseres Kunden entsprechendes Arbeitsprodukt aussehen muss. Unser Team hat schon viele Krisen erlebt und kann auch in schwierigen Situationen einen k\u00fchlen Kopf bewahren. Wir bringen hohe Beratungsqualit\u00e4t nach internationalen Standards in den Mittelstand.<\/p>\n<p style=%22text-align: center;%22>\n<p style=%22text-align: center;%22>W\u00e4hrend der Fokus unserer T\u00e4tigkeit auf der Arbeit mit Mittelst\u00e4ndlern und Startups aus der DACH-Region liegt, schauen wir \u00fcber den Tellerrand hinaus und begleiten auch gerne Mandanten aus und Projekte in unseren Nachbarl\u00e4ndern.<\/p>\n<p>&#8221; content_last_edited=&#8221;off|desktop&#8221; _builder_version=&#8221;4.23.4&#8243; _module_preset=&#8221;default&#8221; text_font=&#8221;opensans||||||||&#8221; header_font=&#8221;opensans||||||||&#8221; header_font_size=&#8221;18px&#8221; header_line_height=&#8221;2em&#8221; max_width=&#8221;100%&#8221; max_width_tablet=&#8221;80%&#8221; max_width_phone=&#8221;100%&#8221; max_width_last_edited=&#8221;on|phone&#8221; module_alignment=&#8221;center&#8221; custom_margin=&#8221;||0px|||&#8221; global_colors_info=&#8221;{}&#8221;]<\/p>\n<p style=\"margin: 0cm 0cm 9.0pt 0cm;\"><span style=\"color: black;\">Our focus is on delivering valuations that are robust, transparent and usable in real processes.<\/span><o:p><\/o:p><\/p>\n<p style=\"min-height: 13.8px; margin: 0cm 0cm 9.0pt 0cm;\"><span style=\"color: black;\">We ensure that valuations support decision-making and provide a clear basis for negotiations.<\/span><\/p>\n<p>[\/et_pb_text][et_pb_text _builder_version=&#8221;4.23&#8243; _module_preset=&#8221;default&#8221; header_text_align=&#8221;left&#8221; header_font_size=&#8221;36px&#8221; header_2_text_align=&#8221;center&#8221; header_2_font_size=&#8221;34px&#8221; header_3_font=&#8221;montserrat||||||||&#8221; header_3_font_size=&#8221;24px&#8221; custom_margin=&#8221;70px||||false|false&#8221; global_colors_info=&#8221;{}&#8221;]<\/p>\n<h3>Contact Us<\/h3>\n<p>[\/et_pb_text][et_pb_text content_tablet=&#8221;<\/p>\n<p style=%22text-align: center;%22>Im Gegensatz zu vielen anderen Beratungsfirmen ist die DTG ist eine Idee von Praktikern f\u00fcr Praktiker. Unser Team besteht aus Machern \u2013 Unternehmern, Private Equity-Experten mit internationaler Erfahrung und langj\u00e4hrige Experten aus Industrieunternehmen \u2013 und nicht aus Theoretikern.<br \/>Wir sprechen daher die Sprache unserer Kunden und wissen dank unseres breiten Erfahrungsschatzes, wie ein gutes, den Bed\u00fcrfnissen unseres Kunden entsprechendes Arbeitsprodukt aussehen muss. Unser Team hat schon viele Krisen erlebt und kann auch in schwierigen Situationen einen k\u00fchlen Kopf bewahren. Wir bringen hohe Beratungsqualit\u00e4t nach internationalen Standards in den Mittelstand.<br \/>W\u00e4hrend der Fokus unserer T\u00e4tigkeit auf der Arbeit mit Mittelst\u00e4ndlern und Startups aus der DACH-Region liegt, schauen wir \u00fcber den Tellerrand hinaus und begleiten auch gerne Mandanten aus und Projekte in unseren Nachbarl\u00e4ndern.<\/p>\n<p>&#8221; content_phone=&#8221;<\/p>\n<p style=%22text-align: center;%22>Im Gegensatz zu vielen anderen Beratungsfirmen ist die DTG ist eine Idee von Praktikern f\u00fcr Praktiker. Unser Team besteht aus Machern \u2013 Unternehmern, Private Equity-Experten mit internationaler Erfahrung und langj\u00e4hrige Experten aus Industrieunternehmen \u2013 und nicht aus Theoretikern.<\/p>\n<p style=%22text-align: center;%22>\n<p style=%22text-align: center;%22>Wir sprechen daher die Sprache unserer Kunden und wissen dank unseres breiten Erfahrungsschatzes, wie ein gutes, den Bed\u00fcrfnissen unseres Kunden entsprechendes Arbeitsprodukt aussehen muss. Unser Team hat schon viele Krisen erlebt und kann auch in schwierigen Situationen einen k\u00fchlen Kopf bewahren. Wir bringen hohe Beratungsqualit\u00e4t nach internationalen Standards in den Mittelstand.<\/p>\n<p style=%22text-align: center;%22>\n<p style=%22text-align: center;%22>W\u00e4hrend der Fokus unserer T\u00e4tigkeit auf der Arbeit mit Mittelst\u00e4ndlern und Startups aus der DACH-Region liegt, schauen wir \u00fcber den Tellerrand hinaus und begleiten auch gerne Mandanten aus und Projekte in unseren Nachbarl\u00e4ndern.<\/p>\n<p>&#8221; content_last_edited=&#8221;off|desktop&#8221; _builder_version=&#8221;4.23.4&#8243; _module_preset=&#8221;default&#8221; text_font=&#8221;opensans||||||||&#8221; header_font=&#8221;opensans||||||||&#8221; header_font_size=&#8221;18px&#8221; header_line_height=&#8221;2em&#8221; max_width=&#8221;100%&#8221; max_width_tablet=&#8221;80%&#8221; max_width_phone=&#8221;100%&#8221; max_width_last_edited=&#8221;on|phone&#8221; module_alignment=&#8221;center&#8221; custom_margin=&#8221;||0px|||&#8221; global_colors_info=&#8221;{}&#8221;]<\/p>\n<p>Should you be interested in finding out more about our company valuation offering or our other services, please contact us anytime on <a href=\"mailto:kontakt@dtrag.de\">kontakt@dtrag.de<\/a>. We are looking forward to meeting you.<\/p>\n<p>[\/et_pb_text][\/et_pb_column][\/et_pb_row][\/et_pb_section]<\/p>\n","protected":false},"excerpt":{"rendered":"<p>For Companies.Company Valuations for Corporate ClientsWe provide company valuations in the context of transactions, financing processes and strategic decision-making. DTRAG is typically engaged when a valuation is required to support a live process \u2013 whether in a sale, capital raise or internal decision.When we get involvedWe are typically engaged when: &nbsp; a company is being [&hellip;]<\/p>\n","protected":false},"author":3,"featured_media":0,"parent":0,"menu_order":0,"comment_status":"closed","ping_status":"closed","template":"","meta":{"_et_pb_use_builder":"on","_et_pb_old_content":"","_et_gb_content_width":"","footnotes":""},"class_list":["post-292","page","type-page","status-publish","hentry"],"yoast_head":"<!-- This site is optimized with the Yoast SEO plugin v27.5 - https:\/\/yoast.com\/product\/yoast-seo-wordpress\/ -->\n<title>Company Valuations for Corporate Clients<\/title>\n<meta name=\"description\" content=\"Company valuations have many useful applications, and we would be happy to take a closer look at your company to see where you come out.\" \/>\n<meta name=\"robots\" content=\"index, follow, max-snippet:-1, max-image-preview:large, max-video-preview:-1\" \/>\n<link rel=\"canonical\" href=\"https:\/\/dtrag.de\/unternehmensbewertungen-fuer-unternehmen\/\" \/>\n<meta property=\"og:locale\" content=\"en_US\" \/>\n<meta property=\"og:type\" content=\"article\" \/>\n<meta property=\"og:title\" content=\"Company Valuations for Corporate Clients\" \/>\n<meta property=\"og:description\" content=\"Company valuations have many useful applications, and we would be happy to take a closer look at your company to see where you come out.\" \/>\n<meta property=\"og:url\" content=\"https:\/\/dtrag.de\/unternehmensbewertungen-fuer-unternehmen\/\" \/>\n<meta property=\"og:site_name\" content=\"Deutsche Transaktionsgesellschaft\" \/>\n<meta property=\"article:modified_time\" content=\"2026-04-05T13:36:14+00:00\" \/>\n<meta name=\"twitter:card\" content=\"summary_large_image\" \/>\n<meta name=\"twitter:label1\" content=\"Est. reading time\" \/>\n\t<meta name=\"twitter:data1\" content=\"17 minutes\" \/>\n<script type=\"application\/ld+json\" class=\"yoast-schema-graph\">{\"@context\":\"https:\\\/\\\/schema.org\",\"@graph\":[{\"@type\":\"WebPage\",\"@id\":\"https:\\\/\\\/dtrag.de\\\/unternehmensbewertungen-fuer-unternehmen\\\/\",\"url\":\"https:\\\/\\\/dtrag.de\\\/unternehmensbewertungen-fuer-unternehmen\\\/\",\"name\":\"Company Valuations for Corporate Clients\",\"isPartOf\":{\"@id\":\"https:\\\/\\\/dtrag.de\\\/#website\"},\"datePublished\":\"2023-11-27T12:34:25+00:00\",\"dateModified\":\"2026-04-05T13:36:14+00:00\",\"description\":\"Company valuations have many useful applications, and we would be happy to take a closer look at your company to see where you come out.\",\"breadcrumb\":{\"@id\":\"https:\\\/\\\/dtrag.de\\\/unternehmensbewertungen-fuer-unternehmen\\\/#breadcrumb\"},\"inLanguage\":\"en-US\",\"potentialAction\":[{\"@type\":\"ReadAction\",\"target\":[\"https:\\\/\\\/dtrag.de\\\/unternehmensbewertungen-fuer-unternehmen\\\/\"]}]},{\"@type\":\"BreadcrumbList\",\"@id\":\"https:\\\/\\\/dtrag.de\\\/unternehmensbewertungen-fuer-unternehmen\\\/#breadcrumb\",\"itemListElement\":[{\"@type\":\"ListItem\",\"position\":1,\"name\":\"Startseite\",\"item\":\"https:\\\/\\\/dtrag.de\\\/\"},{\"@type\":\"ListItem\",\"position\":2,\"name\":\"EN Company Valuations for Corporate Clients (Unternehmensbewertungen f\u00fcr Unternehmen)\"}]},{\"@type\":\"WebSite\",\"@id\":\"https:\\\/\\\/dtrag.de\\\/#website\",\"url\":\"https:\\\/\\\/dtrag.de\\\/\",\"name\":\"Deutsche Transaktionsgesellschaft\",\"description\":\"Beratungsgesellschaft D\u00fcsseldorf\",\"potentialAction\":[{\"@type\":\"SearchAction\",\"target\":{\"@type\":\"EntryPoint\",\"urlTemplate\":\"https:\\\/\\\/dtrag.de\\\/?s={search_term_string}\"},\"query-input\":{\"@type\":\"PropertyValueSpecification\",\"valueRequired\":true,\"valueName\":\"search_term_string\"}}],\"inLanguage\":\"en-US\"}]}<\/script>\n<!-- \/ Yoast SEO plugin. -->","yoast_head_json":{"title":"Company Valuations for Corporate Clients","description":"Company valuations have many useful applications, and we would be happy to take a closer look at your company to see where you come out.","robots":{"index":"index","follow":"follow","max-snippet":"max-snippet:-1","max-image-preview":"max-image-preview:large","max-video-preview":"max-video-preview:-1"},"canonical":"https:\/\/dtrag.de\/unternehmensbewertungen-fuer-unternehmen\/","og_locale":"en_US","og_type":"article","og_title":"Company Valuations for Corporate Clients","og_description":"Company valuations have many useful applications, and we would be happy to take a closer look at your company to see where you come out.","og_url":"https:\/\/dtrag.de\/unternehmensbewertungen-fuer-unternehmen\/","og_site_name":"Deutsche Transaktionsgesellschaft","article_modified_time":"2026-04-05T13:36:14+00:00","twitter_card":"summary_large_image","twitter_misc":{"Est. reading time":"17 minutes"},"schema":{"@context":"https:\/\/schema.org","@graph":[{"@type":"WebPage","@id":"https:\/\/dtrag.de\/unternehmensbewertungen-fuer-unternehmen\/","url":"https:\/\/dtrag.de\/unternehmensbewertungen-fuer-unternehmen\/","name":"Company Valuations for Corporate Clients","isPartOf":{"@id":"https:\/\/dtrag.de\/#website"},"datePublished":"2023-11-27T12:34:25+00:00","dateModified":"2026-04-05T13:36:14+00:00","description":"Company valuations have many useful applications, and we would be happy to take a closer look at your company to see where you come out.","breadcrumb":{"@id":"https:\/\/dtrag.de\/unternehmensbewertungen-fuer-unternehmen\/#breadcrumb"},"inLanguage":"en-US","potentialAction":[{"@type":"ReadAction","target":["https:\/\/dtrag.de\/unternehmensbewertungen-fuer-unternehmen\/"]}]},{"@type":"BreadcrumbList","@id":"https:\/\/dtrag.de\/unternehmensbewertungen-fuer-unternehmen\/#breadcrumb","itemListElement":[{"@type":"ListItem","position":1,"name":"Startseite","item":"https:\/\/dtrag.de\/"},{"@type":"ListItem","position":2,"name":"EN Company Valuations for Corporate Clients (Unternehmensbewertungen f\u00fcr Unternehmen)"}]},{"@type":"WebSite","@id":"https:\/\/dtrag.de\/#website","url":"https:\/\/dtrag.de\/","name":"Deutsche Transaktionsgesellschaft","description":"Beratungsgesellschaft D\u00fcsseldorf","potentialAction":[{"@type":"SearchAction","target":{"@type":"EntryPoint","urlTemplate":"https:\/\/dtrag.de\/?s={search_term_string}"},"query-input":{"@type":"PropertyValueSpecification","valueRequired":true,"valueName":"search_term_string"}}],"inLanguage":"en-US"}]}},"_links":{"self":[{"href":"https:\/\/dtrag.de\/en\/wp-json\/wp\/v2\/pages\/292","targetHints":{"allow":["GET"]}}],"collection":[{"href":"https:\/\/dtrag.de\/en\/wp-json\/wp\/v2\/pages"}],"about":[{"href":"https:\/\/dtrag.de\/en\/wp-json\/wp\/v2\/types\/page"}],"author":[{"embeddable":true,"href":"https:\/\/dtrag.de\/en\/wp-json\/wp\/v2\/users\/3"}],"replies":[{"embeddable":true,"href":"https:\/\/dtrag.de\/en\/wp-json\/wp\/v2\/comments?post=292"}],"version-history":[{"count":9,"href":"https:\/\/dtrag.de\/en\/wp-json\/wp\/v2\/pages\/292\/revisions"}],"predecessor-version":[{"id":1444,"href":"https:\/\/dtrag.de\/en\/wp-json\/wp\/v2\/pages\/292\/revisions\/1444"}],"wp:attachment":[{"href":"https:\/\/dtrag.de\/en\/wp-json\/wp\/v2\/media?parent=292"}],"curies":[{"name":"wp","href":"https:\/\/api.w.org\/{rel}","templated":true}]}}