{"id":556,"date":"2023-11-27T12:37:07","date_gmt":"2023-11-27T12:37:07","guid":{"rendered":"https:\/\/dtrag.de\/?page_id=556"},"modified":"2026-04-05T13:38:00","modified_gmt":"2026-04-05T13:38:00","slug":"en-post-ma-services-for-investors-post-ma-begleitung-fuer-investoren","status":"publish","type":"page","link":"https:\/\/dtrag.de\/en\/en-post-ma-services-for-investors-post-ma-begleitung-fuer-investoren\/","title":{"rendered":"EN Post-M&#038;A Services for Investors (Post-M&#038;A-Begleitung f\u00fcr Investoren)"},"content":{"rendered":"<p>[et_pb_section fb_built=&#8221;1&#8243; custom_padding_last_edited=&#8221;on|phone&#8221; _builder_version=&#8221;4.22.2&#8243; _module_preset=&#8221;default&#8221; custom_padding=&#8221;120px||120px||true|false&#8221; custom_padding_tablet=&#8221;120px||120px||true|false&#8221; custom_padding_phone=&#8221;40px||40px||true|false&#8221; global_colors_info=&#8221;{}&#8221;][et_pb_row _builder_version=&#8221;4.22.2&#8243; _module_preset=&#8221;default&#8221; width=&#8221;65%&#8221; width_tablet=&#8221;65%&#8221; width_phone=&#8221;90%&#8221; width_last_edited=&#8221;on|phone&#8221; module_alignment=&#8221;center&#8221; global_colors_info=&#8221;{}&#8221;][et_pb_column type=&#8221;4_4&#8243; _builder_version=&#8221;4.22.2&#8243; _module_preset=&#8221;default&#8221; global_colors_info=&#8221;{}&#8221;][et_pb_text _builder_version=&#8221;4.23.1&#8243; _module_preset=&#8221;default&#8221; header_2_font=&#8221;montserrat||||||||&#8221; header_2_text_align=&#8221;left&#8221; header_2_text_color=&#8221;#00c8df&#8221; header_2_font_size=&#8221;18px&#8221; global_colors_info=&#8221;{}&#8221;]<\/p>\n<h2>For Investors.<\/h2>\n<p>[\/et_pb_text][et_pb_text _builder_version=&#8221;4.22.2&#8243; _module_preset=&#8221;default&#8221; header_text_align=&#8221;left&#8221; header_font_size=&#8221;36px&#8221; header_2_text_align=&#8221;center&#8221; header_2_font_size=&#8221;34px&#8221; header_font_size_tablet=&#8221;36px&#8221; header_font_size_phone=&#8221;30px&#8221; header_font_size_last_edited=&#8221;on|phone&#8221; global_colors_info=&#8221;{}&#8221;]<\/p>\n<h1>Post-M&amp;A Services for Investors<\/h1>\n<p>[\/et_pb_text][et_pb_text content_tablet=&#8221;<\/p>\n<p style=%22text-align: center;%22>Im Gegensatz zu vielen anderen Beratungsfirmen ist die DTG ist eine Idee von Praktikern f\u00fcr Praktiker. Unser Team besteht aus Machern \u2013 Unternehmern, Private Equity-Experten mit internationaler Erfahrung und langj\u00e4hrige Experten aus Industrieunternehmen \u2013 und nicht aus Theoretikern.<br \/>Wir sprechen daher die Sprache unserer Kunden und wissen dank unseres breiten Erfahrungsschatzes, wie ein gutes, den Bed\u00fcrfnissen unseres Kunden entsprechendes Arbeitsprodukt aussehen muss. Unser Team hat schon viele Krisen erlebt und kann auch in schwierigen Situationen einen k\u00fchlen Kopf bewahren. Wir bringen hohe Beratungsqualit\u00e4t nach internationalen Standards in den Mittelstand.<br \/>W\u00e4hrend der Fokus unserer T\u00e4tigkeit auf der Arbeit mit Mittelst\u00e4ndlern und Startups aus der DACH-Region liegt, schauen wir \u00fcber den Tellerrand hinaus und begleiten auch gerne Mandanten aus und Projekte in unseren Nachbarl\u00e4ndern.<\/p>\n<p>&#8221; content_phone=&#8221;<\/p>\n<p style=%22text-align: left;%22>Im Gegensatz zu vielen anderen Beratungsfirmen ist die DTG ist eine Idee von Praktikern f\u00fcr Praktiker. Unser Team besteht aus Machern \u2013 Unternehmern, Private Equity-Experten mit internationaler Erfahrung und langj\u00e4hrige Experten aus Industrieunternehmen \u2013 und nicht aus Theoretikern.<\/p>\n<p style=%22text-align: left;%22>Wir sprechen daher die Sprache unserer Kunden und wissen dank unseres breiten Erfahrungsschatzes, wie ein gutes, den Bed\u00fcrfnissen unseres Kunden entsprechendes Arbeitsprodukt aussehen muss. Unser Team hat schon viele Krisen erlebt und kann auch in schwierigen Situationen einen k\u00fchlen Kopf bewahren. Wir bringen hohe Beratungsqualit\u00e4t nach internationalen Standards in den Mittelstand.<\/p>\n<p style=%22text-align: left;%22>W\u00e4hrend der Fokus unserer T\u00e4tigkeit auf der Arbeit mit Mittelst\u00e4ndlern und Startups aus der DACH-Region liegt, schauen wir \u00fcber den Tellerrand hinaus und begleiten auch gerne Mandanten aus und Projekte in unseren Nachbarl\u00e4ndern.<\/p>\n<p>&#8221; content_last_edited=&#8221;off|desktop&#8221; _builder_version=&#8221;4.23.4&#8243; _module_preset=&#8221;default&#8221; text_font=&#8221;opensans||||||||&#8221; header_font=&#8221;opensans||||||||&#8221; header_font_size=&#8221;18px&#8221; header_line_height=&#8221;2em&#8221; max_width=&#8221;100%&#8221; max_width_tablet=&#8221;80%&#8221; max_width_phone=&#8221;100%&#8221; max_width_last_edited=&#8221;on|phone&#8221; module_alignment=&#8221;center&#8221; custom_margin=&#8221;||0px|||&#8221; global_colors_info=&#8221;{}&#8221;]<\/p>\n<p style=\"margin: 0cm 0cm 9.0pt 0cm;\"><span style=\"color: black;\">We support investors in the execution of post-M&amp;A processes across their portfolio.<\/span><o:p><\/o:p><\/p>\n<p style=\"min-height: 13.8px; margin: 0cm 0cm 9.0pt 0cm;\"><span style=\"color: black;\">DTRAG is typically engaged after signing or closing, when integration, performance management or business plan execution require dedicated focus and additional capacity.<\/span><o:p><\/o:p><\/p>\n<p>[\/et_pb_text][et_pb_text _builder_version=&#8221;4.22.2&#8243; _module_preset=&#8221;default&#8221; header_text_align=&#8221;left&#8221; header_font_size=&#8221;36px&#8221; header_2_text_align=&#8221;center&#8221; header_2_font_size=&#8221;34px&#8221; header_3_font=&#8221;montserrat||||||||&#8221; header_3_font_size=&#8221;24px&#8221; custom_margin=&#8221;70px||||false|false&#8221; global_colors_info=&#8221;{}&#8221;]<\/p>\n<h3>When we get involved<\/h3>\n<p>[\/et_pb_text][et_pb_text content_tablet=&#8221;<\/p>\n<p style=%22text-align: center;%22>Im Gegensatz zu vielen anderen Beratungsfirmen ist die DTG ist eine Idee von Praktikern f\u00fcr Praktiker. Unser Team besteht aus Machern \u2013 Unternehmern, Private Equity-Experten mit internationaler Erfahrung und langj\u00e4hrige Experten aus Industrieunternehmen \u2013 und nicht aus Theoretikern.<br \/>Wir sprechen daher die Sprache unserer Kunden und wissen dank unseres breiten Erfahrungsschatzes, wie ein gutes, den Bed\u00fcrfnissen unseres Kunden entsprechendes Arbeitsprodukt aussehen muss. Unser Team hat schon viele Krisen erlebt und kann auch in schwierigen Situationen einen k\u00fchlen Kopf bewahren. Wir bringen hohe Beratungsqualit\u00e4t nach internationalen Standards in den Mittelstand.<br \/>W\u00e4hrend der Fokus unserer T\u00e4tigkeit auf der Arbeit mit Mittelst\u00e4ndlern und Startups aus der DACH-Region liegt, schauen wir \u00fcber den Tellerrand hinaus und begleiten auch gerne Mandanten aus und Projekte in unseren Nachbarl\u00e4ndern.<\/p>\n<p>&#8221; content_phone=&#8221;<\/p>\n<p style=%22text-align: center;%22>Im Gegensatz zu vielen anderen Beratungsfirmen ist die DTG ist eine Idee von Praktikern f\u00fcr Praktiker. Unser Team besteht aus Machern \u2013 Unternehmern, Private Equity-Experten mit internationaler Erfahrung und langj\u00e4hrige Experten aus Industrieunternehmen \u2013 und nicht aus Theoretikern.<\/p>\n<p style=%22text-align: center;%22>\n<p style=%22text-align: center;%22>Wir sprechen daher die Sprache unserer Kunden und wissen dank unseres breiten Erfahrungsschatzes, wie ein gutes, den Bed\u00fcrfnissen unseres Kunden entsprechendes Arbeitsprodukt aussehen muss. Unser Team hat schon viele Krisen erlebt und kann auch in schwierigen Situationen einen k\u00fchlen Kopf bewahren. Wir bringen hohe Beratungsqualit\u00e4t nach internationalen Standards in den Mittelstand.<\/p>\n<p style=%22text-align: center;%22>\n<p style=%22text-align: center;%22>W\u00e4hrend der Fokus unserer T\u00e4tigkeit auf der Arbeit mit Mittelst\u00e4ndlern und Startups aus der DACH-Region liegt, schauen wir \u00fcber den Tellerrand hinaus und begleiten auch gerne Mandanten aus und Projekte in unseren Nachbarl\u00e4ndern.<\/p>\n<p>&#8221; content_last_edited=&#8221;off|desktop&#8221; _builder_version=&#8221;4.23.4&#8243; _module_preset=&#8221;default&#8221; text_font=&#8221;opensans||||||||&#8221; header_font=&#8221;opensans||||||||&#8221; header_font_size=&#8221;18px&#8221; header_line_height=&#8221;2em&#8221; max_width=&#8221;100%&#8221; max_width_tablet=&#8221;80%&#8221; max_width_phone=&#8221;100%&#8221; max_width_last_edited=&#8221;on|phone&#8221; module_alignment=&#8221;center&#8221; custom_margin=&#8221;||0px|||&#8221; global_colors_info=&#8221;{}&#8221;]<\/p>\n<p>We are typically engaged when:<\/p>\n<p>&nbsp;<\/p>\n<ul>\n<li>\u00a0<span style=\"font-size: 16px;\">integration needs to be structured and implemented<\/span><\/li>\n<li>100-day plans need to be defined and executed<\/li>\n<li>business plans need to be driven operationally<\/li>\n<li>portfolio companies require additional oversight or support<\/li>\n<li>situations become complex or time-critical<\/li>\n<\/ul>\n<p>[\/et_pb_text][et_pb_text _builder_version=&#8221;4.22.2&#8243; _module_preset=&#8221;default&#8221; header_text_align=&#8221;left&#8221; header_font_size=&#8221;36px&#8221; header_2_text_align=&#8221;center&#8221; header_2_font_size=&#8221;34px&#8221; header_3_font=&#8221;montserrat||||||||&#8221; header_3_font_size=&#8221;24px&#8221; custom_margin=&#8221;70px||||false|false&#8221; global_colors_info=&#8221;{}&#8221;]<\/p>\n<h3>What we do<\/h3>\n<p>[\/et_pb_text][et_pb_text content_tablet=&#8221;<\/p>\n<p style=%22text-align: center;%22>Im Gegensatz zu vielen anderen Beratungsfirmen ist die DTG ist eine Idee von Praktikern f\u00fcr Praktiker. Unser Team besteht aus Machern \u2013 Unternehmern, Private Equity-Experten mit internationaler Erfahrung und langj\u00e4hrige Experten aus Industrieunternehmen \u2013 und nicht aus Theoretikern.<br \/>Wir sprechen daher die Sprache unserer Kunden und wissen dank unseres breiten Erfahrungsschatzes, wie ein gutes, den Bed\u00fcrfnissen unseres Kunden entsprechendes Arbeitsprodukt aussehen muss. Unser Team hat schon viele Krisen erlebt und kann auch in schwierigen Situationen einen k\u00fchlen Kopf bewahren. Wir bringen hohe Beratungsqualit\u00e4t nach internationalen Standards in den Mittelstand.<br \/>W\u00e4hrend der Fokus unserer T\u00e4tigkeit auf der Arbeit mit Mittelst\u00e4ndlern und Startups aus der DACH-Region liegt, schauen wir \u00fcber den Tellerrand hinaus und begleiten auch gerne Mandanten aus und Projekte in unseren Nachbarl\u00e4ndern.<\/p>\n<p>&#8221; content_phone=&#8221;<\/p>\n<p style=%22text-align: center;%22>Im Gegensatz zu vielen anderen Beratungsfirmen ist die DTG ist eine Idee von Praktikern f\u00fcr Praktiker. Unser Team besteht aus Machern \u2013 Unternehmern, Private Equity-Experten mit internationaler Erfahrung und langj\u00e4hrige Experten aus Industrieunternehmen \u2013 und nicht aus Theoretikern.<\/p>\n<p style=%22text-align: center;%22>\n<p style=%22text-align: center;%22>Wir sprechen daher die Sprache unserer Kunden und wissen dank unseres breiten Erfahrungsschatzes, wie ein gutes, den Bed\u00fcrfnissen unseres Kunden entsprechendes Arbeitsprodukt aussehen muss. Unser Team hat schon viele Krisen erlebt und kann auch in schwierigen Situationen einen k\u00fchlen Kopf bewahren. Wir bringen hohe Beratungsqualit\u00e4t nach internationalen Standards in den Mittelstand.<\/p>\n<p style=%22text-align: center;%22>\n<p style=%22text-align: center;%22>W\u00e4hrend der Fokus unserer T\u00e4tigkeit auf der Arbeit mit Mittelst\u00e4ndlern und Startups aus der DACH-Region liegt, schauen wir \u00fcber den Tellerrand hinaus und begleiten auch gerne Mandanten aus und Projekte in unseren Nachbarl\u00e4ndern.<\/p>\n<p>&#8221; content_last_edited=&#8221;off|desktop&#8221; _builder_version=&#8221;4.23.4&#8243; _module_preset=&#8221;default&#8221; text_font=&#8221;opensans||||||||&#8221; header_font=&#8221;opensans||||||||&#8221; header_font_size=&#8221;18px&#8221; header_line_height=&#8221;2em&#8221; max_width=&#8221;100%&#8221; max_width_tablet=&#8221;80%&#8221; max_width_phone=&#8221;100%&#8221; max_width_last_edited=&#8221;on|phone&#8221; module_alignment=&#8221;center&#8221; custom_margin=&#8221;||0px|||&#8221; global_colors_info=&#8221;{}&#8221;]<\/p>\n<p>We take responsibility for execution across the post-M&amp;A process, including:<\/p>\n<p>&nbsp;<\/p>\n<ul>\n<li>\u00a0<span style=\"font-size: 16px;\">developing and implementing 100-day plans<\/span><\/li>\n<li>supporting management in executing the business plan<\/li>\n<li>structuring and managing integration processes<\/li>\n<li>coordinating stakeholders and advisors<\/li>\n<li>supporting portfolio monitoring and reporting<\/li>\n<li>acting as a bridge between investors and management teams<\/li>\n<\/ul>\n<p>[\/et_pb_text][et_pb_text _builder_version=&#8221;4.22.2&#8243; _module_preset=&#8221;default&#8221; header_text_align=&#8221;left&#8221; header_font_size=&#8221;36px&#8221; header_2_text_align=&#8221;center&#8221; header_2_font_size=&#8221;34px&#8221; header_3_font=&#8221;montserrat||||||||&#8221; header_3_font_size=&#8221;24px&#8221; custom_margin=&#8221;70px||||false|false&#8221; global_colors_info=&#8221;{}&#8221;]<\/p>\n<h3>How we work<\/h3>\n<p>[\/et_pb_text][et_pb_text content_tablet=&#8221;<\/p>\n<p style=%22text-align: center;%22>Im Gegensatz zu vielen anderen Beratungsfirmen ist die DTG ist eine Idee von Praktikern f\u00fcr Praktiker. Unser Team besteht aus Machern \u2013 Unternehmern, Private Equity-Experten mit internationaler Erfahrung und langj\u00e4hrige Experten aus Industrieunternehmen \u2013 und nicht aus Theoretikern.<br \/>Wir sprechen daher die Sprache unserer Kunden und wissen dank unseres breiten Erfahrungsschatzes, wie ein gutes, den Bed\u00fcrfnissen unseres Kunden entsprechendes Arbeitsprodukt aussehen muss. Unser Team hat schon viele Krisen erlebt und kann auch in schwierigen Situationen einen k\u00fchlen Kopf bewahren. Wir bringen hohe Beratungsqualit\u00e4t nach internationalen Standards in den Mittelstand.<br \/>W\u00e4hrend der Fokus unserer T\u00e4tigkeit auf der Arbeit mit Mittelst\u00e4ndlern und Startups aus der DACH-Region liegt, schauen wir \u00fcber den Tellerrand hinaus und begleiten auch gerne Mandanten aus und Projekte in unseren Nachbarl\u00e4ndern.<\/p>\n<p>&#8221; content_phone=&#8221;<\/p>\n<p style=%22text-align: center;%22>Im Gegensatz zu vielen anderen Beratungsfirmen ist die DTG ist eine Idee von Praktikern f\u00fcr Praktiker. Unser Team besteht aus Machern \u2013 Unternehmern, Private Equity-Experten mit internationaler Erfahrung und langj\u00e4hrige Experten aus Industrieunternehmen \u2013 und nicht aus Theoretikern.<\/p>\n<p style=%22text-align: center;%22>\n<p style=%22text-align: center;%22>Wir sprechen daher die Sprache unserer Kunden und wissen dank unseres breiten Erfahrungsschatzes, wie ein gutes, den Bed\u00fcrfnissen unseres Kunden entsprechendes Arbeitsprodukt aussehen muss. Unser Team hat schon viele Krisen erlebt und kann auch in schwierigen Situationen einen k\u00fchlen Kopf bewahren. Wir bringen hohe Beratungsqualit\u00e4t nach internationalen Standards in den Mittelstand.<\/p>\n<p style=%22text-align: center;%22>\n<p style=%22text-align: center;%22>W\u00e4hrend der Fokus unserer T\u00e4tigkeit auf der Arbeit mit Mittelst\u00e4ndlern und Startups aus der DACH-Region liegt, schauen wir \u00fcber den Tellerrand hinaus und begleiten auch gerne Mandanten aus und Projekte in unseren Nachbarl\u00e4ndern.<\/p>\n<p>&#8221; content_last_edited=&#8221;off|desktop&#8221; _builder_version=&#8221;4.23.4&#8243; _module_preset=&#8221;default&#8221; text_font=&#8221;opensans||||||||&#8221; header_font=&#8221;opensans||||||||&#8221; header_font_size=&#8221;18px&#8221; header_line_height=&#8221;2em&#8221; max_width=&#8221;100%&#8221; max_width_tablet=&#8221;80%&#8221; max_width_phone=&#8221;100%&#8221; max_width_last_edited=&#8221;on|phone&#8221; module_alignment=&#8221;center&#8221; custom_margin=&#8221;||0px|||&#8221; global_colors_info=&#8221;{}&#8221;]<\/p>\n<p style=\"margin: 0cm 0cm 9.0pt 0cm;\"><span style=\"color: black;\">We act as part of your team and focus on execution.<\/span><o:p><\/o:p><\/p>\n<p style=\"min-height: 13.8px; margin: 0cm 0cm 9.0pt 0cm;\"><span style=\"color: black;\">Our role is to ensure that post-M&amp;A processes are structured, decisions are implemented and portfolio companies deliver against plan.<\/span><o:p><\/o:p><\/p>\n<ul><\/ul>\n<p>[\/et_pb_text][et_pb_text _builder_version=&#8221;4.23.1&#8243; _module_preset=&#8221;default&#8221; header_text_align=&#8221;left&#8221; header_font_size=&#8221;36px&#8221; header_2_text_align=&#8221;center&#8221; header_2_font_size=&#8221;34px&#8221; header_3_font=&#8221;montserrat||||||||&#8221; header_3_font_size=&#8221;24px&#8221; custom_margin=&#8221;70px||||false|false&#8221; global_colors_info=&#8221;{}&#8221;]<\/p>\n<h3>Contact Us<\/h3>\n<p>[\/et_pb_text][et_pb_text content_tablet=&#8221;<\/p>\n<p style=%22text-align: center;%22>Im Gegensatz zu vielen anderen Beratungsfirmen ist die DTG ist eine Idee von Praktikern f\u00fcr Praktiker. Unser Team besteht aus Machern \u2013 Unternehmern, Private Equity-Experten mit internationaler Erfahrung und langj\u00e4hrige Experten aus Industrieunternehmen \u2013 und nicht aus Theoretikern.<br \/>Wir sprechen daher die Sprache unserer Kunden und wissen dank unseres breiten Erfahrungsschatzes, wie ein gutes, den Bed\u00fcrfnissen unseres Kunden entsprechendes Arbeitsprodukt aussehen muss. Unser Team hat schon viele Krisen erlebt und kann auch in schwierigen Situationen einen k\u00fchlen Kopf bewahren. Wir bringen hohe Beratungsqualit\u00e4t nach internationalen Standards in den Mittelstand.<br \/>W\u00e4hrend der Fokus unserer T\u00e4tigkeit auf der Arbeit mit Mittelst\u00e4ndlern und Startups aus der DACH-Region liegt, schauen wir \u00fcber den Tellerrand hinaus und begleiten auch gerne Mandanten aus und Projekte in unseren Nachbarl\u00e4ndern.<\/p>\n<p>&#8221; content_phone=&#8221;<\/p>\n<p style=%22text-align: center;%22>Im Gegensatz zu vielen anderen Beratungsfirmen ist die DTG ist eine Idee von Praktikern f\u00fcr Praktiker. Unser Team besteht aus Machern \u2013 Unternehmern, Private Equity-Experten mit internationaler Erfahrung und langj\u00e4hrige Experten aus Industrieunternehmen \u2013 und nicht aus Theoretikern.<\/p>\n<p style=%22text-align: center;%22>\n<p style=%22text-align: center;%22>Wir sprechen daher die Sprache unserer Kunden und wissen dank unseres breiten Erfahrungsschatzes, wie ein gutes, den Bed\u00fcrfnissen unseres Kunden entsprechendes Arbeitsprodukt aussehen muss. Unser Team hat schon viele Krisen erlebt und kann auch in schwierigen Situationen einen k\u00fchlen Kopf bewahren. Wir bringen hohe Beratungsqualit\u00e4t nach internationalen Standards in den Mittelstand.<\/p>\n<p style=%22text-align: center;%22>\n<p style=%22text-align: center;%22>W\u00e4hrend der Fokus unserer T\u00e4tigkeit auf der Arbeit mit Mittelst\u00e4ndlern und Startups aus der DACH-Region liegt, schauen wir \u00fcber den Tellerrand hinaus und begleiten auch gerne Mandanten aus und Projekte in unseren Nachbarl\u00e4ndern.<\/p>\n<p>&#8221; content_last_edited=&#8221;off|desktop&#8221; _builder_version=&#8221;4.23.4&#8243; _module_preset=&#8221;default&#8221; text_font=&#8221;opensans||||||||&#8221; header_font=&#8221;opensans||||||||&#8221; header_font_size=&#8221;18px&#8221; header_line_height=&#8221;2em&#8221; max_width=&#8221;100%&#8221; max_width_tablet=&#8221;80%&#8221; max_width_phone=&#8221;100%&#8221; max_width_last_edited=&#8221;on|phone&#8221; module_alignment=&#8221;center&#8221; custom_margin=&#8221;||0px|||&#8221; global_colors_info=&#8221;{}&#8221;]<\/p>\n<p>Supporting our clients in the long-term implementation of their business plans is one of our key areas of expertise. Please contact us on <a href=\"mailto:kontakt@dtrag.de\">kontakt@dtrag.de<\/a> if you should like to find out more about our services. We are looking forward to getting to know you.<\/p>\n<p>[\/et_pb_text][\/et_pb_column][\/et_pb_row][\/et_pb_section]<\/p>\n","protected":false},"excerpt":{"rendered":"<p>For Investors.Post-M&amp;A Services for InvestorsWe support investors in the execution of post-M&amp;A processes across their portfolio. DTRAG is typically engaged after signing or closing, when integration, performance management or business plan execution require dedicated focus and additional capacity.When we get involvedWe are typically engaged when: &nbsp; \u00a0integration needs to be structured and implemented 100-day plans [&hellip;]<\/p>\n","protected":false},"author":3,"featured_media":0,"parent":0,"menu_order":0,"comment_status":"closed","ping_status":"closed","template":"","meta":{"_et_pb_use_builder":"on","_et_pb_old_content":"","_et_gb_content_width":"","footnotes":""},"class_list":["post-556","page","type-page","status-publish","hentry"],"yoast_head":"<!-- This site is optimized with the Yoast SEO plugin v27.5 - https:\/\/yoast.com\/product\/yoast-seo-wordpress\/ -->\n<title>Post-M&amp;A Services for Investors<\/title>\n<meta name=\"description\" content=\"We remain there for you after a transaction has been completed and support you with onboarding and the implementation of your business plan.\" \/>\n<meta name=\"robots\" content=\"index, follow, max-snippet:-1, max-image-preview:large, max-video-preview:-1\" \/>\n<link rel=\"canonical\" href=\"https:\/\/dtrag.de\/post-ma-begleitung-fuer-investoren\/\" \/>\n<meta property=\"og:locale\" content=\"en_US\" \/>\n<meta property=\"og:type\" content=\"article\" \/>\n<meta property=\"og:title\" content=\"Post-M&amp;A Services for Investors\" \/>\n<meta property=\"og:description\" content=\"We remain there for you after a transaction has been completed and support you with onboarding and the implementation of your business plan.\" \/>\n<meta property=\"og:url\" content=\"https:\/\/dtrag.de\/post-ma-begleitung-fuer-investoren\/\" \/>\n<meta property=\"og:site_name\" content=\"Deutsche Transaktionsgesellschaft\" \/>\n<meta property=\"article:modified_time\" content=\"2026-04-05T13:38:00+00:00\" \/>\n<meta name=\"twitter:card\" content=\"summary_large_image\" \/>\n<meta name=\"twitter:label1\" content=\"Est. reading time\" \/>\n\t<meta name=\"twitter:data1\" content=\"10 minutes\" \/>\n<script type=\"application\/ld+json\" class=\"yoast-schema-graph\">{\"@context\":\"https:\\\/\\\/schema.org\",\"@graph\":[{\"@type\":\"WebPage\",\"@id\":\"https:\\\/\\\/dtrag.de\\\/post-ma-begleitung-fuer-investoren\\\/\",\"url\":\"https:\\\/\\\/dtrag.de\\\/post-ma-begleitung-fuer-investoren\\\/\",\"name\":\"Post-M&A Services for Investors\",\"isPartOf\":{\"@id\":\"https:\\\/\\\/dtrag.de\\\/#website\"},\"datePublished\":\"2023-11-27T12:37:07+00:00\",\"dateModified\":\"2026-04-05T13:38:00+00:00\",\"description\":\"We remain there for you after a transaction has been completed and support you with onboarding and the implementation of your business plan.\",\"breadcrumb\":{\"@id\":\"https:\\\/\\\/dtrag.de\\\/post-ma-begleitung-fuer-investoren\\\/#breadcrumb\"},\"inLanguage\":\"en-US\",\"potentialAction\":[{\"@type\":\"ReadAction\",\"target\":[\"https:\\\/\\\/dtrag.de\\\/post-ma-begleitung-fuer-investoren\\\/\"]}]},{\"@type\":\"BreadcrumbList\",\"@id\":\"https:\\\/\\\/dtrag.de\\\/post-ma-begleitung-fuer-investoren\\\/#breadcrumb\",\"itemListElement\":[{\"@type\":\"ListItem\",\"position\":1,\"name\":\"Startseite\",\"item\":\"https:\\\/\\\/dtrag.de\\\/\"},{\"@type\":\"ListItem\",\"position\":2,\"name\":\"EN Post-M&#038;A Services for Investors (Post-M&#038;A-Begleitung f\u00fcr Investoren)\"}]},{\"@type\":\"WebSite\",\"@id\":\"https:\\\/\\\/dtrag.de\\\/#website\",\"url\":\"https:\\\/\\\/dtrag.de\\\/\",\"name\":\"Deutsche Transaktionsgesellschaft\",\"description\":\"Beratungsgesellschaft D\u00fcsseldorf\",\"potentialAction\":[{\"@type\":\"SearchAction\",\"target\":{\"@type\":\"EntryPoint\",\"urlTemplate\":\"https:\\\/\\\/dtrag.de\\\/?s={search_term_string}\"},\"query-input\":{\"@type\":\"PropertyValueSpecification\",\"valueRequired\":true,\"valueName\":\"search_term_string\"}}],\"inLanguage\":\"en-US\"}]}<\/script>\n<!-- \/ Yoast SEO plugin. -->","yoast_head_json":{"title":"Post-M&A Services for Investors","description":"We remain there for you after a transaction has been completed and support you with onboarding and the implementation of your business plan.","robots":{"index":"index","follow":"follow","max-snippet":"max-snippet:-1","max-image-preview":"max-image-preview:large","max-video-preview":"max-video-preview:-1"},"canonical":"https:\/\/dtrag.de\/post-ma-begleitung-fuer-investoren\/","og_locale":"en_US","og_type":"article","og_title":"Post-M&A Services for Investors","og_description":"We remain there for you after a transaction has been completed and support you with onboarding and the implementation of your business plan.","og_url":"https:\/\/dtrag.de\/post-ma-begleitung-fuer-investoren\/","og_site_name":"Deutsche Transaktionsgesellschaft","article_modified_time":"2026-04-05T13:38:00+00:00","twitter_card":"summary_large_image","twitter_misc":{"Est. reading time":"10 minutes"},"schema":{"@context":"https:\/\/schema.org","@graph":[{"@type":"WebPage","@id":"https:\/\/dtrag.de\/post-ma-begleitung-fuer-investoren\/","url":"https:\/\/dtrag.de\/post-ma-begleitung-fuer-investoren\/","name":"Post-M&A Services for Investors","isPartOf":{"@id":"https:\/\/dtrag.de\/#website"},"datePublished":"2023-11-27T12:37:07+00:00","dateModified":"2026-04-05T13:38:00+00:00","description":"We remain there for you after a transaction has been completed and support you with onboarding and the implementation of your business plan.","breadcrumb":{"@id":"https:\/\/dtrag.de\/post-ma-begleitung-fuer-investoren\/#breadcrumb"},"inLanguage":"en-US","potentialAction":[{"@type":"ReadAction","target":["https:\/\/dtrag.de\/post-ma-begleitung-fuer-investoren\/"]}]},{"@type":"BreadcrumbList","@id":"https:\/\/dtrag.de\/post-ma-begleitung-fuer-investoren\/#breadcrumb","itemListElement":[{"@type":"ListItem","position":1,"name":"Startseite","item":"https:\/\/dtrag.de\/"},{"@type":"ListItem","position":2,"name":"EN Post-M&#038;A Services for Investors (Post-M&#038;A-Begleitung f\u00fcr Investoren)"}]},{"@type":"WebSite","@id":"https:\/\/dtrag.de\/#website","url":"https:\/\/dtrag.de\/","name":"Deutsche Transaktionsgesellschaft","description":"Beratungsgesellschaft D\u00fcsseldorf","potentialAction":[{"@type":"SearchAction","target":{"@type":"EntryPoint","urlTemplate":"https:\/\/dtrag.de\/?s={search_term_string}"},"query-input":{"@type":"PropertyValueSpecification","valueRequired":true,"valueName":"search_term_string"}}],"inLanguage":"en-US"}]}},"_links":{"self":[{"href":"https:\/\/dtrag.de\/en\/wp-json\/wp\/v2\/pages\/556","targetHints":{"allow":["GET"]}}],"collection":[{"href":"https:\/\/dtrag.de\/en\/wp-json\/wp\/v2\/pages"}],"about":[{"href":"https:\/\/dtrag.de\/en\/wp-json\/wp\/v2\/types\/page"}],"author":[{"embeddable":true,"href":"https:\/\/dtrag.de\/en\/wp-json\/wp\/v2\/users\/3"}],"replies":[{"embeddable":true,"href":"https:\/\/dtrag.de\/en\/wp-json\/wp\/v2\/comments?post=556"}],"version-history":[{"count":4,"href":"https:\/\/dtrag.de\/en\/wp-json\/wp\/v2\/pages\/556\/revisions"}],"predecessor-version":[{"id":1447,"href":"https:\/\/dtrag.de\/en\/wp-json\/wp\/v2\/pages\/556\/revisions\/1447"}],"wp:attachment":[{"href":"https:\/\/dtrag.de\/en\/wp-json\/wp\/v2\/media?parent=556"}],"curies":[{"name":"wp","href":"https:\/\/api.w.org\/{rel}","templated":true}]}}